{"id":20798,"date":"2025-01-08T10:39:22","date_gmt":"2025-01-08T10:39:22","guid":{"rendered":"https:\/\/swaving-techniek.nl\/startseite\/"},"modified":"2025-05-08T11:51:29","modified_gmt":"2025-05-08T11:51:29","slug":"startseite","status":"publish","type":"page","link":"https:\/\/swaving-techniek.nl\/de\/","title":{"rendered":"Home DE"},"content":{"rendered":"\n\n\t\t\t<h2>Landwirtschaft<\/h2>\t\t\t\n\t\t\t\t<p>Wir haben uns auf die Entwicklung und Weiterentwicklung einer breiten Palette von Melkst\u00e4nden spezialisiert: modular, mobil und traditionell, geeignet f\u00fcr K\u00fche, Ziegen und Schafe.<\/p>\n\t\t\t<a href=\"https:\/\/swaving-techniek.nl\/de\/losungen-in-der-landtechnik\/\" title=\"Hier klicken\" target=\"_self\"   role=\"button\" aria-label=\"zum Swaving &lt;span class=&quot;groen&quot;&gt;landwirtschaft&lt;\/span&gt;\">\n\t\t\t\t\t\t\tzum Swaving landwirtschaft\n\t\t<\/a>\n\t\t\t<h2>Konstruktion &amp; Bau<\/h2>\t\t\t\n\t\t\t\t<p>Wir sind Ihr Partner f\u00fcr den Bau von St\u00e4llen und Hallen, die professionelle Ausf\u00fchrung von Verst\u00e4rkungsprojekten und die Realisierung von verschiedenen Erweiterungsprojekten.<\/p>\n\t\t\t<a href=\"https:\/\/swaving-techniek.nl\/de\/losungen-fur-bau-konstruktion\/\" title=\"Hier klicken\" target=\"_self\"   role=\"button\" aria-label=\"Zum Swaving &lt;span class=&quot;oranje&quot;&gt;Konstruktion &amp; Bauwesen&lt;\/span&gt;\">\n\t\t\t\t\t\t\tZum Swaving Konstruktion &amp; Bauwesen\n\t\t<\/a>\n\n","protected":false},"excerpt":{"rendered":"<p>Landwirtschaft Wir haben uns auf die Entwicklung und Weiterentwicklung einer breiten Palette von Melkst\u00e4nden spezialisiert: modular, mobil und traditionell, geeignet f\u00fcr K\u00fche, Ziegen und Schafe. zum Swaving landwirtschaft Konstruktion &amp; Bau Wir sind Ihr Partner f\u00fcr den Bau von St\u00e4llen und Hallen, die professionelle Ausf\u00fchrung von Verst\u00e4rkungsprojekten und die Realisierung von verschiedenen Erweiterungsprojekten. Zum Swaving&hellip;<\/p>\n","protected":false},"author":1,"featured_media":0,"parent":0,"menu_order":0,"comment_status":"closed","ping_status":"closed","template":"","meta":{"_acf_changed":false,"footnotes":""},"class_list":["post-20798","page","type-page","status-publish","hentry"],"acf":[],"_links":{"self":[{"href":"https:\/\/swaving-techniek.nl\/de\/wp-json\/wp\/v2\/pages\/20798","targetHints":{"allow":["GET"]}}],"collection":[{"href":"https:\/\/swaving-techniek.nl\/de\/wp-json\/wp\/v2\/pages"}],"about":[{"href":"https:\/\/swaving-techniek.nl\/de\/wp-json\/wp\/v2\/types\/page"}],"author":[{"embeddable":true,"href":"https:\/\/swaving-techniek.nl\/de\/wp-json\/wp\/v2\/users\/1"}],"replies":[{"embeddable":true,"href":"https:\/\/swaving-techniek.nl\/de\/wp-json\/wp\/v2\/comments?post=20798"}],"version-history":[{"count":2,"href":"https:\/\/swaving-techniek.nl\/de\/wp-json\/wp\/v2\/pages\/20798\/revisions"}],"predecessor-version":[{"id":20909,"href":"https:\/\/swaving-techniek.nl\/de\/wp-json\/wp\/v2\/pages\/20798\/revisions\/20909"}],"wp:attachment":[{"href":"https:\/\/swaving-techniek.nl\/de\/wp-json\/wp\/v2\/media?parent=20798"}],"curies":[{"name":"wp","href":"https:\/\/api.w.org\/{rel}","templated":true}]}}