{"id":20801,"date":"2025-01-13T08:14:47","date_gmt":"2025-01-13T08:14:47","guid":{"rendered":"https:\/\/swaving-techniek.nl\/losungen-in-der-landtechnik\/"},"modified":"2025-05-08T11:52:10","modified_gmt":"2025-05-08T11:52:10","slug":"losungen-in-der-landtechnik","status":"publish","type":"page","link":"https:\/\/swaving-techniek.nl\/de\/losungen-in-der-landtechnik\/","title":{"rendered":"L\u00f6sungen in der Landtechnik"},"content":{"rendered":"\n<p>Wir sind Swaving Techniek &amp; Constructie B.V. mit Sitz in Sappemeer (Gr). Als enthusiastisches, junges und dynamisches Unternehmen haben wir in den letzten Jahren zunehmend festgestellt, dass sich der Markt ver\u00e4ndert. Aufgrund dieses Wandels haben wir uns zunehmend auf die Entwicklung und Weiterentwicklung von modularen, mobilen und traditionellen Melkst\u00e4nden f\u00fcr K\u00fche, Ziegen und Schafe konzentriert. F\u00fcr weitere Informationen k\u00f6nnen Sie <a href=\"https:\/\/swaving-techniek.nl\/de\/kontakt\/\" data-type=\"page\" data-id=\"20806\">uns<\/a> gerne kontaktieren.<\/p>\n","protected":false},"excerpt":{"rendered":"<p>Wir sind Swaving Techniek &amp; Constructie B.V. mit Sitz in Sappemeer (Gr). Als enthusiastisches, junges und dynamisches Unternehmen haben wir in den letzten Jahren zunehmend festgestellt, dass sich der Markt ver\u00e4ndert. Aufgrund dieses Wandels haben wir uns zunehmend auf die Entwicklung und Weiterentwicklung von modularen, mobilen und traditionellen Melkst\u00e4nden f\u00fcr K\u00fche, Ziegen und Schafe konzentriert.&hellip;<\/p>\n","protected":false},"author":1,"featured_media":0,"parent":0,"menu_order":0,"comment_status":"closed","ping_status":"closed","template":"","meta":{"_acf_changed":false,"footnotes":""},"class_list":["post-20801","page","type-page","status-publish","hentry"],"acf":[],"_links":{"self":[{"href":"https:\/\/swaving-techniek.nl\/de\/wp-json\/wp\/v2\/pages\/20801","targetHints":{"allow":["GET"]}}],"collection":[{"href":"https:\/\/swaving-techniek.nl\/de\/wp-json\/wp\/v2\/pages"}],"about":[{"href":"https:\/\/swaving-techniek.nl\/de\/wp-json\/wp\/v2\/types\/page"}],"author":[{"embeddable":true,"href":"https:\/\/swaving-techniek.nl\/de\/wp-json\/wp\/v2\/users\/1"}],"replies":[{"embeddable":true,"href":"https:\/\/swaving-techniek.nl\/de\/wp-json\/wp\/v2\/comments?post=20801"}],"version-history":[{"count":2,"href":"https:\/\/swaving-techniek.nl\/de\/wp-json\/wp\/v2\/pages\/20801\/revisions"}],"predecessor-version":[{"id":20910,"href":"https:\/\/swaving-techniek.nl\/de\/wp-json\/wp\/v2\/pages\/20801\/revisions\/20910"}],"wp:attachment":[{"href":"https:\/\/swaving-techniek.nl\/de\/wp-json\/wp\/v2\/media?parent=20801"}],"curies":[{"name":"wp","href":"https:\/\/api.w.org\/{rel}","templated":true}]}}