{"id":20810,"date":"2025-01-13T08:15:02","date_gmt":"2025-01-13T08:15:02","guid":{"rendered":"https:\/\/swaving-techniek.nl\/losungen-fur-bau-konstruktion\/"},"modified":"2025-05-08T11:54:55","modified_gmt":"2025-05-08T11:54:55","slug":"losungen-fur-bau-konstruktion","status":"publish","type":"page","link":"https:\/\/swaving-techniek.nl\/de\/losungen-fur-bau-konstruktion\/","title":{"rendered":"L\u00f6sungen f\u00fcr Bau &amp; Konstruktion"},"content":{"rendered":"\n<p>Bei Swaving Engineering &amp; Construction sind Sie an der richtigen Adresse f\u00fcr den gesamten Bauprozess. Von der Sondierung des Bodens \u00fcber die genaue Berechnung des Bauwerks durch unsere erfahrenen Konstrukteure bis hin zur endg\u00fcltigen Konstruktion und Verlegung k\u00fcmmern wir uns um alles im eigenen Haus. Da wir den gesamten Prozess von A bis Z realisieren k\u00f6nnen, garantieren wir eine schnelle und flexible Arbeitsweise. F\u00fcr weitere Informationen k\u00f6nnen Sie uns gerne kontaktieren. F\u00fcr weitere Informationen k\u00f6nnen Sie <a href=\"https:\/\/swaving-techniek.nl\/de\/kontakt\/\" data-type=\"page\" data-id=\"20806\">uns<\/a> gerne kontaktieren.<\/p>\n","protected":false},"excerpt":{"rendered":"<p>Bei Swaving Engineering &amp; Construction sind Sie an der richtigen Adresse f\u00fcr den gesamten Bauprozess. Von der Sondierung des Bodens \u00fcber die genaue Berechnung des Bauwerks durch unsere erfahrenen Konstrukteure bis hin zur endg\u00fcltigen Konstruktion und Verlegung k\u00fcmmern wir uns um alles im eigenen Haus. Da wir den gesamten Prozess von A bis Z realisieren&hellip;<\/p>\n","protected":false},"author":1,"featured_media":0,"parent":0,"menu_order":0,"comment_status":"closed","ping_status":"closed","template":"","meta":{"_acf_changed":false,"footnotes":""},"class_list":["post-20810","page","type-page","status-publish","hentry"],"acf":[],"_links":{"self":[{"href":"https:\/\/swaving-techniek.nl\/de\/wp-json\/wp\/v2\/pages\/20810","targetHints":{"allow":["GET"]}}],"collection":[{"href":"https:\/\/swaving-techniek.nl\/de\/wp-json\/wp\/v2\/pages"}],"about":[{"href":"https:\/\/swaving-techniek.nl\/de\/wp-json\/wp\/v2\/types\/page"}],"author":[{"embeddable":true,"href":"https:\/\/swaving-techniek.nl\/de\/wp-json\/wp\/v2\/users\/1"}],"replies":[{"embeddable":true,"href":"https:\/\/swaving-techniek.nl\/de\/wp-json\/wp\/v2\/comments?post=20810"}],"version-history":[{"count":3,"href":"https:\/\/swaving-techniek.nl\/de\/wp-json\/wp\/v2\/pages\/20810\/revisions"}],"predecessor-version":[{"id":20916,"href":"https:\/\/swaving-techniek.nl\/de\/wp-json\/wp\/v2\/pages\/20810\/revisions\/20916"}],"wp:attachment":[{"href":"https:\/\/swaving-techniek.nl\/de\/wp-json\/wp\/v2\/media?parent=20810"}],"curies":[{"name":"wp","href":"https:\/\/api.w.org\/{rel}","templated":true}]}}