{"id":20928,"date":"2025-04-09T09:24:31","date_gmt":"2025-04-09T09:24:31","guid":{"rendered":"https:\/\/swaving-techniek.nl\/losungen-in-der-landtechnik\/produkte\/auswahl-boxen\/"},"modified":"2025-05-08T12:45:57","modified_gmt":"2025-05-08T12:45:57","slug":"auswahl-boxen","status":"publish","type":"page","link":"https:\/\/swaving-techniek.nl\/de\/losungen-in-der-landtechnik\/produkte\/auswahl-boxen\/","title":{"rendered":"Auswahl-Boxen"},"content":{"rendered":"\n<p>Swaving Techniek &amp; Constructie bietet ein komplettes Paket f\u00fcr Ihren Stall, einschlie\u00dflich Auswahlboxen. Diese sind f\u00fcr verschiedene Kontrollsysteme geeignet und in verschiedenen Gr\u00f6\u00dfen erh\u00e4ltlich, wobei die individuelle Anpassung und Ihre spezifischen W\u00fcnsche im Vordergrund stehen. Nehmen Sie f\u00fcr weitere Informationen <a href=\"https:\/\/swaving-techniek.nl\/de\/kontakt\/\" data-type=\"page\" data-id=\"19473\">Kontakt<\/a> mit uns auf.  <\/p>\n\n<figure class=\"wp-block-gallery has-nested-images columns-3 is-cropped wp-block-gallery-1 is-layout-flex wp-block-gallery-is-layout-flex\">\n<figure class=\"wp-block-image size-full\"><a href=\"https:\/\/swaving-techniek.nl\/wp-content\/uploads\/2025\/04\/swaving-techniek-constructie-selectieboxen-05-web.jpg\"><img loading=\"lazy\" decoding=\"async\" width=\"1920\" height=\"1080\" data-id=\"20502\" src=\"https:\/\/swaving-techniek.nl\/wp-content\/uploads\/2025\/04\/swaving-techniek-constructie-selectieboxen-05-web.jpg\" alt=\"\" class=\"wp-image-20502\" srcset=\"https:\/\/swaving-techniek.nl\/wp-content\/uploads\/2025\/04\/swaving-techniek-constructie-selectieboxen-05-web.jpg 1920w, https:\/\/swaving-techniek.nl\/wp-content\/uploads\/2025\/04\/swaving-techniek-constructie-selectieboxen-05-web-300x169.jpg 300w, https:\/\/swaving-techniek.nl\/wp-content\/uploads\/2025\/04\/swaving-techniek-constructie-selectieboxen-05-web-1024x576.jpg 1024w, https:\/\/swaving-techniek.nl\/wp-content\/uploads\/2025\/04\/swaving-techniek-constructie-selectieboxen-05-web-768x432.jpg 768w, https:\/\/swaving-techniek.nl\/wp-content\/uploads\/2025\/04\/swaving-techniek-constructie-selectieboxen-05-web-1536x864.jpg 1536w\" sizes=\"auto, (max-width: 1920px) 100vw, 1920px\" \/><\/a><\/figure>\n\n\n\n<figure class=\"wp-block-image size-full\"><a href=\"https:\/\/swaving-techniek.nl\/wp-content\/uploads\/2025\/04\/swaving-techniek-constructie-selectieboxen-02-web.jpg\"><img loading=\"lazy\" decoding=\"async\" width=\"1920\" height=\"1440\" data-id=\"20504\" src=\"https:\/\/swaving-techniek.nl\/wp-content\/uploads\/2025\/04\/swaving-techniek-constructie-selectieboxen-02-web.jpg\" alt=\"\" class=\"wp-image-20504\" srcset=\"https:\/\/swaving-techniek.nl\/wp-content\/uploads\/2025\/04\/swaving-techniek-constructie-selectieboxen-02-web.jpg 1920w, https:\/\/swaving-techniek.nl\/wp-content\/uploads\/2025\/04\/swaving-techniek-constructie-selectieboxen-02-web-300x225.jpg 300w, https:\/\/swaving-techniek.nl\/wp-content\/uploads\/2025\/04\/swaving-techniek-constructie-selectieboxen-02-web-1024x768.jpg 1024w, https:\/\/swaving-techniek.nl\/wp-content\/uploads\/2025\/04\/swaving-techniek-constructie-selectieboxen-02-web-768x576.jpg 768w, https:\/\/swaving-techniek.nl\/wp-content\/uploads\/2025\/04\/swaving-techniek-constructie-selectieboxen-02-web-1536x1152.jpg 1536w\" sizes=\"auto, (max-width: 1920px) 100vw, 1920px\" \/><\/a><\/figure>\n\n\n\n<figure class=\"wp-block-image size-full\"><a href=\"https:\/\/swaving-techniek.nl\/wp-content\/uploads\/2025\/04\/swaving-techniek-constructie-selectieboxen-04-web.jpg\"><img loading=\"lazy\" decoding=\"async\" width=\"1440\" height=\"1920\" data-id=\"20506\" src=\"https:\/\/swaving-techniek.nl\/wp-content\/uploads\/2025\/04\/swaving-techniek-constructie-selectieboxen-04-web.jpg\" alt=\"\" class=\"wp-image-20506\" srcset=\"https:\/\/swaving-techniek.nl\/wp-content\/uploads\/2025\/04\/swaving-techniek-constructie-selectieboxen-04-web.jpg 1440w, https:\/\/swaving-techniek.nl\/wp-content\/uploads\/2025\/04\/swaving-techniek-constructie-selectieboxen-04-web-225x300.jpg 225w, https:\/\/swaving-techniek.nl\/wp-content\/uploads\/2025\/04\/swaving-techniek-constructie-selectieboxen-04-web-768x1024.jpg 768w, https:\/\/swaving-techniek.nl\/wp-content\/uploads\/2025\/04\/swaving-techniek-constructie-selectieboxen-04-web-1152x1536.jpg 1152w\" sizes=\"auto, (max-width: 1440px) 100vw, 1440px\" \/><\/a><\/figure>\n\n\n\n<figure class=\"wp-block-image size-full\"><a href=\"https:\/\/swaving-techniek.nl\/wp-content\/uploads\/2025\/04\/swaving-techniek-constructie-selectieboxen-03-web.jpg\"><img loading=\"lazy\" decoding=\"async\" width=\"1920\" height=\"1440\" data-id=\"20505\" src=\"https:\/\/swaving-techniek.nl\/wp-content\/uploads\/2025\/04\/swaving-techniek-constructie-selectieboxen-03-web.jpg\" alt=\"\" class=\"wp-image-20505\" srcset=\"https:\/\/swaving-techniek.nl\/wp-content\/uploads\/2025\/04\/swaving-techniek-constructie-selectieboxen-03-web.jpg 1920w, https:\/\/swaving-techniek.nl\/wp-content\/uploads\/2025\/04\/swaving-techniek-constructie-selectieboxen-03-web-300x225.jpg 300w, https:\/\/swaving-techniek.nl\/wp-content\/uploads\/2025\/04\/swaving-techniek-constructie-selectieboxen-03-web-1024x768.jpg 1024w, https:\/\/swaving-techniek.nl\/wp-content\/uploads\/2025\/04\/swaving-techniek-constructie-selectieboxen-03-web-768x576.jpg 768w, https:\/\/swaving-techniek.nl\/wp-content\/uploads\/2025\/04\/swaving-techniek-constructie-selectieboxen-03-web-1536x1152.jpg 1536w\" sizes=\"auto, (max-width: 1920px) 100vw, 1920px\" \/><\/a><\/figure>\n\n\n\n<figure class=\"wp-block-image size-full\"><a href=\"https:\/\/swaving-techniek.nl\/wp-content\/uploads\/2025\/04\/swaving-techniek-constructie-selectieboxen-01-web.jpg\"><img loading=\"lazy\" decoding=\"async\" width=\"1920\" height=\"1440\" data-id=\"20503\" src=\"https:\/\/swaving-techniek.nl\/wp-content\/uploads\/2025\/04\/swaving-techniek-constructie-selectieboxen-01-web.jpg\" alt=\"\" class=\"wp-image-20503\" srcset=\"https:\/\/swaving-techniek.nl\/wp-content\/uploads\/2025\/04\/swaving-techniek-constructie-selectieboxen-01-web.jpg 1920w, https:\/\/swaving-techniek.nl\/wp-content\/uploads\/2025\/04\/swaving-techniek-constructie-selectieboxen-01-web-300x225.jpg 300w, https:\/\/swaving-techniek.nl\/wp-content\/uploads\/2025\/04\/swaving-techniek-constructie-selectieboxen-01-web-1024x768.jpg 1024w, https:\/\/swaving-techniek.nl\/wp-content\/uploads\/2025\/04\/swaving-techniek-constructie-selectieboxen-01-web-768x576.jpg 768w, https:\/\/swaving-techniek.nl\/wp-content\/uploads\/2025\/04\/swaving-techniek-constructie-selectieboxen-01-web-1536x1152.jpg 1536w\" sizes=\"auto, (max-width: 1920px) 100vw, 1920px\" \/><\/a><\/figure>\n<\/figure>\n","protected":false},"excerpt":{"rendered":"<p>Swaving Techniek &amp; Constructie bietet ein komplettes Paket f\u00fcr Ihren Stall, einschlie\u00dflich Auswahlboxen. Diese sind f\u00fcr verschiedene Kontrollsysteme geeignet und in verschiedenen Gr\u00f6\u00dfen erh\u00e4ltlich, wobei die individuelle Anpassung und Ihre spezifischen W\u00fcnsche im Vordergrund stehen. Nehmen Sie f\u00fcr weitere Informationen Kontakt mit uns auf.<\/p>\n","protected":false},"author":1,"featured_media":20792,"parent":20897,"menu_order":0,"comment_status":"closed","ping_status":"closed","template":"","meta":{"_acf_changed":false,"footnotes":""},"class_list":["post-20928","page","type-page","status-publish","has-post-thumbnail","hentry"],"acf":[],"_links":{"self":[{"href":"https:\/\/swaving-techniek.nl\/de\/wp-json\/wp\/v2\/pages\/20928","targetHints":{"allow":["GET"]}}],"collection":[{"href":"https:\/\/swaving-techniek.nl\/de\/wp-json\/wp\/v2\/pages"}],"about":[{"href":"https:\/\/swaving-techniek.nl\/de\/wp-json\/wp\/v2\/types\/page"}],"author":[{"embeddable":true,"href":"https:\/\/swaving-techniek.nl\/de\/wp-json\/wp\/v2\/users\/1"}],"replies":[{"embeddable":true,"href":"https:\/\/swaving-techniek.nl\/de\/wp-json\/wp\/v2\/comments?post=20928"}],"version-history":[{"count":1,"href":"https:\/\/swaving-techniek.nl\/de\/wp-json\/wp\/v2\/pages\/20928\/revisions"}],"predecessor-version":[{"id":20929,"href":"https:\/\/swaving-techniek.nl\/de\/wp-json\/wp\/v2\/pages\/20928\/revisions\/20929"}],"up":[{"embeddable":true,"href":"https:\/\/swaving-techniek.nl\/de\/wp-json\/wp\/v2\/pages\/20897"}],"wp:featuredmedia":[{"embeddable":true,"href":"https:\/\/swaving-techniek.nl\/de\/wp-json\/wp\/v2\/media\/20792"}],"wp:attachment":[{"href":"https:\/\/swaving-techniek.nl\/de\/wp-json\/wp\/v2\/media?parent=20928"}],"curies":[{"name":"wp","href":"https:\/\/api.w.org\/{rel}","templated":true}]}}