{"id":20932,"date":"2025-01-16T14:41:44","date_gmt":"2025-01-16T14:41:44","guid":{"rendered":"https:\/\/swaving-techniek.nl\/losungen-in-der-landtechnik\/projekte\/"},"modified":"2025-05-08T12:48:13","modified_gmt":"2025-05-08T12:48:13","slug":"projekte","status":"publish","type":"page","link":"https:\/\/swaving-techniek.nl\/de\/losungen-in-der-landtechnik\/projekte\/","title":{"rendered":"Projekte"},"content":{"rendered":"\n<p><strong>Vertrauen Sie Swaving Techniek &amp; Constructie f\u00fcr Ihre landwirtschaftlichen, technischen und baulichen Projekte. Von kompletten Melkst\u00e4nden und modularen Melkst\u00e4nden bis hin zu ma\u00dfgeschneiderten Konstruktionen wie Br\u00fccken und Selektionsboxen. Unser Fachwissen garantiert Qualit\u00e4t und ein funktionelles Endergebnis, das ganz auf Ihre Bed\u00fcrfnisse zugeschnitten ist.<\/strong><\/p>\n\n<p>F\u00fcr weitere Informationen oder Fragen k\u00f6nnen Sie uns gerne <a href=\"https:\/\/swaving-techniek.nl\/de\/kontakt\/\">kontaktieren.<\/a><\/p>\n\n<figure class=\"wp-block-gallery has-nested-images columns-default is-cropped wp-block-gallery-1 is-layout-flex wp-block-gallery-is-layout-flex\">\n<figure class=\"wp-block-image size-large\"><img loading=\"lazy\" decoding=\"async\" width=\"768\" height=\"1024\" data-id=\"20362\" src=\"https:\/\/swaving-techniek.nl\/wp-content\/uploads\/2025\/02\/swaving-techniek-weidewagen-01-768x1024.jpeg\" alt=\"\" class=\"wp-image-20362\" srcset=\"https:\/\/swaving-techniek.nl\/wp-content\/uploads\/2025\/02\/swaving-techniek-weidewagen-01-768x1024.jpeg 768w, https:\/\/swaving-techniek.nl\/wp-content\/uploads\/2025\/02\/swaving-techniek-weidewagen-01-225x300.jpeg 225w, https:\/\/swaving-techniek.nl\/wp-content\/uploads\/2025\/02\/swaving-techniek-weidewagen-01-1152x1536.jpeg 1152w, https:\/\/swaving-techniek.nl\/wp-content\/uploads\/2025\/02\/swaving-techniek-weidewagen-01.jpeg 1200w\" sizes=\"auto, (max-width: 768px) 100vw, 768px\" \/><\/figure>\n\n\n\n<figure class=\"wp-block-image size-large\"><img loading=\"lazy\" decoding=\"async\" width=\"768\" height=\"1024\" data-id=\"20350\" src=\"https:\/\/swaving-techniek.nl\/wp-content\/uploads\/2025\/02\/swaving-techniek-weidewagen-12-768x1024.jpeg\" alt=\"\" class=\"wp-image-20350\" srcset=\"https:\/\/swaving-techniek.nl\/wp-content\/uploads\/2025\/02\/swaving-techniek-weidewagen-12-768x1024.jpeg 768w, https:\/\/swaving-techniek.nl\/wp-content\/uploads\/2025\/02\/swaving-techniek-weidewagen-12-225x300.jpeg 225w, https:\/\/swaving-techniek.nl\/wp-content\/uploads\/2025\/02\/swaving-techniek-weidewagen-12-1152x1536.jpeg 1152w, https:\/\/swaving-techniek.nl\/wp-content\/uploads\/2025\/02\/swaving-techniek-weidewagen-12.jpeg 1200w\" sizes=\"auto, (max-width: 768px) 100vw, 768px\" \/><\/figure>\n\n\n\n<figure class=\"wp-block-image size-large\"><img loading=\"lazy\" decoding=\"async\" width=\"1024\" height=\"768\" data-id=\"20027\" src=\"https:\/\/swaving-techniek.nl\/wp-content\/uploads\/2025\/01\/swaving-techniek-agrarisch-modulaire-melkstal-06-1024x768.jpg\" alt=\"\" class=\"wp-image-20027\" srcset=\"https:\/\/swaving-techniek.nl\/wp-content\/uploads\/2025\/01\/swaving-techniek-agrarisch-modulaire-melkstal-06-1024x768.jpg 1024w, https:\/\/swaving-techniek.nl\/wp-content\/uploads\/2025\/01\/swaving-techniek-agrarisch-modulaire-melkstal-06-300x225.jpg 300w, https:\/\/swaving-techniek.nl\/wp-content\/uploads\/2025\/01\/swaving-techniek-agrarisch-modulaire-melkstal-06-768x576.jpg 768w, https:\/\/swaving-techniek.nl\/wp-content\/uploads\/2025\/01\/swaving-techniek-agrarisch-modulaire-melkstal-06-1536x1152.jpg 1536w, https:\/\/swaving-techniek.nl\/wp-content\/uploads\/2025\/01\/swaving-techniek-agrarisch-modulaire-melkstal-06.jpg 1920w\" sizes=\"auto, (max-width: 1024px) 100vw, 1024px\" \/><\/figure>\n\n\n\n<figure class=\"wp-block-image size-large\"><img loading=\"lazy\" decoding=\"async\" width=\"1024\" height=\"768\" data-id=\"19964\" src=\"https:\/\/swaving-techniek.nl\/wp-content\/uploads\/2025\/01\/swaving-techniek-agrarisch-weidewagen-13-1024x768.jpg\" alt=\"\" class=\"wp-image-19964\" srcset=\"https:\/\/swaving-techniek.nl\/wp-content\/uploads\/2025\/01\/swaving-techniek-agrarisch-weidewagen-13-1024x768.jpg 1024w, https:\/\/swaving-techniek.nl\/wp-content\/uploads\/2025\/01\/swaving-techniek-agrarisch-weidewagen-13-300x225.jpg 300w, https:\/\/swaving-techniek.nl\/wp-content\/uploads\/2025\/01\/swaving-techniek-agrarisch-weidewagen-13-768x576.jpg 768w, https:\/\/swaving-techniek.nl\/wp-content\/uploads\/2025\/01\/swaving-techniek-agrarisch-weidewagen-13-1536x1152.jpg 1536w, https:\/\/swaving-techniek.nl\/wp-content\/uploads\/2025\/01\/swaving-techniek-agrarisch-weidewagen-13.jpg 1920w\" sizes=\"auto, (max-width: 1024px) 100vw, 1024px\" \/><\/figure>\n\n\n\n<figure class=\"wp-block-image size-large\"><img loading=\"lazy\" decoding=\"async\" width=\"1024\" height=\"683\" data-id=\"20022\" src=\"https:\/\/swaving-techniek.nl\/wp-content\/uploads\/2025\/01\/swaving-techniek-agrarisch-modulaire-melkstal-01-1024x683.jpg\" alt=\"\" class=\"wp-image-20022\" srcset=\"https:\/\/swaving-techniek.nl\/wp-content\/uploads\/2025\/01\/swaving-techniek-agrarisch-modulaire-melkstal-01-1024x683.jpg 1024w, https:\/\/swaving-techniek.nl\/wp-content\/uploads\/2025\/01\/swaving-techniek-agrarisch-modulaire-melkstal-01-300x200.jpg 300w, https:\/\/swaving-techniek.nl\/wp-content\/uploads\/2025\/01\/swaving-techniek-agrarisch-modulaire-melkstal-01-768x512.jpg 768w, https:\/\/swaving-techniek.nl\/wp-content\/uploads\/2025\/01\/swaving-techniek-agrarisch-modulaire-melkstal-01-1536x1024.jpg 1536w, https:\/\/swaving-techniek.nl\/wp-content\/uploads\/2025\/01\/swaving-techniek-agrarisch-modulaire-melkstal-01.jpg 1920w\" sizes=\"auto, (max-width: 1024px) 100vw, 1024px\" \/><\/figure>\n\n\n\n<figure class=\"wp-block-image size-large\"><img loading=\"lazy\" decoding=\"async\" width=\"768\" height=\"1024\" data-id=\"19956\" src=\"https:\/\/swaving-techniek.nl\/wp-content\/uploads\/2025\/01\/swaving-techniek-agrarisch-weidewagen-05.jpg\" alt=\"\" class=\"wp-image-19956\" srcset=\"https:\/\/swaving-techniek.nl\/wp-content\/uploads\/2025\/01\/swaving-techniek-agrarisch-weidewagen-05.jpg 768w, https:\/\/swaving-techniek.nl\/wp-content\/uploads\/2025\/01\/swaving-techniek-agrarisch-weidewagen-05-225x300.jpg 225w\" sizes=\"auto, (max-width: 768px) 100vw, 768px\" \/><\/figure>\n<\/figure>\n","protected":false},"excerpt":{"rendered":"<p>Vertrauen Sie Swaving Techniek &amp; Constructie f\u00fcr Ihre landwirtschaftlichen, technischen und baulichen Projekte. Von kompletten Melkst\u00e4nden und modularen Melkst\u00e4nden bis hin zu ma\u00dfgeschneiderten Konstruktionen wie Br\u00fccken und Selektionsboxen. Unser Fachwissen garantiert Qualit\u00e4t und ein funktionelles Endergebnis, das ganz auf Ihre Bed\u00fcrfnisse zugeschnitten ist. F\u00fcr weitere Informationen oder Fragen k\u00f6nnen Sie uns gerne kontaktieren.<\/p>\n","protected":false},"author":1,"featured_media":0,"parent":20801,"menu_order":0,"comment_status":"closed","ping_status":"closed","template":"","meta":{"_acf_changed":false,"footnotes":""},"class_list":["post-20932","page","type-page","status-publish","hentry"],"acf":[],"_links":{"self":[{"href":"https:\/\/swaving-techniek.nl\/de\/wp-json\/wp\/v2\/pages\/20932","targetHints":{"allow":["GET"]}}],"collection":[{"href":"https:\/\/swaving-techniek.nl\/de\/wp-json\/wp\/v2\/pages"}],"about":[{"href":"https:\/\/swaving-techniek.nl\/de\/wp-json\/wp\/v2\/types\/page"}],"author":[{"embeddable":true,"href":"https:\/\/swaving-techniek.nl\/de\/wp-json\/wp\/v2\/users\/1"}],"replies":[{"embeddable":true,"href":"https:\/\/swaving-techniek.nl\/de\/wp-json\/wp\/v2\/comments?post=20932"}],"version-history":[{"count":1,"href":"https:\/\/swaving-techniek.nl\/de\/wp-json\/wp\/v2\/pages\/20932\/revisions"}],"predecessor-version":[{"id":20933,"href":"https:\/\/swaving-techniek.nl\/de\/wp-json\/wp\/v2\/pages\/20932\/revisions\/20933"}],"up":[{"embeddable":true,"href":"https:\/\/swaving-techniek.nl\/de\/wp-json\/wp\/v2\/pages\/20801"}],"wp:attachment":[{"href":"https:\/\/swaving-techniek.nl\/de\/wp-json\/wp\/v2\/media?parent=20932"}],"curies":[{"name":"wp","href":"https:\/\/api.w.org\/{rel}","templated":true}]}}