{"id":20938,"date":"2025-01-16T14:30:10","date_gmt":"2025-01-16T14:30:10","guid":{"rendered":"https:\/\/swaving-techniek.nl\/arbeiten-bei-swaving\/"},"modified":"2025-05-21T08:43:09","modified_gmt":"2025-05-21T08:43:09","slug":"arbeiten-bei-swaving","status":"publish","type":"page","link":"https:\/\/swaving-techniek.nl\/de\/swaving\/arbeiten-bei-swaving\/","title":{"rendered":"Arbeiten bei Swaving"},"content":{"rendered":"\n<p><strong>In nur wenigen Jahren hat sich Swaving zu einem professionellen Anbieter von zuverl\u00e4ssigen Produkten und exzellenten Dienstleistungen f\u00fcr Milchviehhalter im Bereich modularer mobiler Melkst\u00e4nde im In- und Ausland entwickelt.<\/strong><\/p>\n\n\n\n<p>Trotz der harten Arbeit in unserer Organisation gibt es nat\u00fcrlich auch Raum f\u00fcr Spa\u00df. Es ist auch erlaubt, Spa\u00df bei der Arbeit zu haben. Im Grunde genommen ist Swaving ein nettes Familienunternehmen mit kurzen Wegen, transparenter Kommunikation und viel Kollegialit\u00e4t. Wir haben Spa\u00df an dem, was wir tun, mit mehr als genug Abwechslung. Wir sind einfach gut in dem, was wir tun, und finden es eine Herausforderung, mit unseren Produkten und Dienstleistungen in diesem doch schwierigen Markt Fu\u00df zu fassen. Aufgrund unserer Visionen und Ziele wollen wir weitermachen und suchen regelm\u00e4\u00dfig gut motivierte, begeisterungsf\u00e4hige und qualifizierte Mitarbeiter f\u00fcr verschiedene Positionen. Dies kann eine Teilzeit- oder Vollzeitstelle sein.<\/p>\n\n\n\n<p>Auf dieser Seite finden Sie alle unsere offenen Stellen. Sollte Ihre Stelle nicht dabei sein, z\u00f6gern Sie nicht, uns zu kontaktieren. Kommen Sie einfach auf eine Tasse Kaffee und ein Gespr\u00e4ch vorbei, und vielleicht k\u00f6nnen wir Ihnen einige M\u00f6glichkeiten aufzeigen. Man kann nie wissen.   <\/p>\n","protected":false},"excerpt":{"rendered":"<p>In nur wenigen Jahren hat sich Swaving zu einem professionellen Anbieter von zuverl\u00e4ssigen Produkten und exzellenten Dienstleistungen f\u00fcr Milchviehhalter im Bereich modularer mobiler Melkst\u00e4nde im In- und Ausland entwickelt. Trotz der harten Arbeit in unserer Organisation gibt es nat\u00fcrlich auch Raum f\u00fcr Spa\u00df. Es ist auch erlaubt, Spa\u00df bei der Arbeit zu haben. Im Grunde&hellip;<\/p>\n","protected":false},"author":1,"featured_media":0,"parent":20940,"menu_order":0,"comment_status":"closed","ping_status":"closed","template":"","meta":{"_acf_changed":false,"footnotes":""},"class_list":["post-20938","page","type-page","status-publish","hentry"],"acf":[],"_links":{"self":[{"href":"https:\/\/swaving-techniek.nl\/de\/wp-json\/wp\/v2\/pages\/20938","targetHints":{"allow":["GET"]}}],"collection":[{"href":"https:\/\/swaving-techniek.nl\/de\/wp-json\/wp\/v2\/pages"}],"about":[{"href":"https:\/\/swaving-techniek.nl\/de\/wp-json\/wp\/v2\/types\/page"}],"author":[{"embeddable":true,"href":"https:\/\/swaving-techniek.nl\/de\/wp-json\/wp\/v2\/users\/1"}],"replies":[{"embeddable":true,"href":"https:\/\/swaving-techniek.nl\/de\/wp-json\/wp\/v2\/comments?post=20938"}],"version-history":[{"count":2,"href":"https:\/\/swaving-techniek.nl\/de\/wp-json\/wp\/v2\/pages\/20938\/revisions"}],"predecessor-version":[{"id":21101,"href":"https:\/\/swaving-techniek.nl\/de\/wp-json\/wp\/v2\/pages\/20938\/revisions\/21101"}],"up":[{"embeddable":true,"href":"https:\/\/swaving-techniek.nl\/de\/wp-json\/wp\/v2\/pages\/20940"}],"wp:attachment":[{"href":"https:\/\/swaving-techniek.nl\/de\/wp-json\/wp\/v2\/media?parent=20938"}],"curies":[{"name":"wp","href":"https:\/\/api.w.org\/{rel}","templated":true}]}}