{"id":20940,"date":"2025-01-16T14:30:37","date_gmt":"2025-01-16T14:30:37","guid":{"rendered":"https:\/\/swaving-techniek.nl\/swaving\/"},"modified":"2025-05-08T12:57:47","modified_gmt":"2025-05-08T12:57:47","slug":"swaving","status":"publish","type":"page","link":"https:\/\/swaving-techniek.nl\/de\/swaving\/","title":{"rendered":"Swaving"},"content":{"rendered":"\n<p><strong>Wir sind Swaving Techniek &amp; Constructie B.V. mit Sitz in Sappemeer (Gr). Als enthusiastisches, junges und dynamisches Unternehmen haben wir in den letzten Jahren zunehmend festgestellt, dass sich der Markt ver\u00e4ndert. Aufgrund dieses Wandels haben wir uns zunehmend auf die Entwicklung und Weiterentwicklung von modularen und mobilen L\u00f6sungen f\u00fcr traditionelle Melksysteme in der Milchviehhaltung konzentriert.<\/strong><\/p>\n\n<blockquote class=\"wp-block-quote is-layout-flow wp-block-quote-is-layout-flow\">\n<p>Ganz nach dem Motto: \u201eje mobiler, je flexibler, desto besser\u201c.<\/p>\n<\/blockquote>\n\n<p>Unser Unternehmen zeichnet sich durch eine straffe, ansprechbare und transparente Organisation aus. Wir tun einfach, was wir versprechen und zusagen.<\/p>\n\n<p>Von sehr einfachen Konstruktionen bis hin zu kompletten Melkst\u00e4nden ist alles m\u00f6glich. In unserem Unternehmen verf\u00fcgen wir \u00fcber das Wissen, um Ihren Auftrag von Anfang bis Ende zum Erfolg zu f\u00fchren. Wir arbeiten zum Beispiel t\u00e4glich mit vielen Arten von Technik. Denken Sie an Hydraulik, Pneumatik, Elektronik und nat\u00fcrlich auch Melktechnik. Dadurch sind wir in der Lage, Ihnen fast immer eine passende L\u00f6sung anzubieten.<\/p>\n\n<p>Der gesamte Prozess findet in unserer eigenen Werkstatt statt. Von den technischen Zeichnungen bis zur Lieferung oder sogar Montage des Produkts bei Ihnen vor Ort. Wir m\u00f6chten die Kontrolle behalten.<\/p>\n\n<p>Aufgrund des immer schwieriger werdenden Marktes und allerlei Unw\u00e4gbarkeiten haben wir zwei sehr revolution\u00e4re Produkte speziell f\u00fcr die Milchviehhaltung entwickelt und weiterentwickelt: einen modularen Melkstand und einen mobilen Wiesenanh\u00e4nger.<\/p>\n\n<p>Ob es sich um eine Renovierung Ihres alten Melkstandes handelt, oder ob Sie Melkzeit einsparen wollen, oder ob Sie vor der Wahl stehen: \u201egehe ich auf Roboter oder mache ich mit dem traditionellen Melken weiter\u201c, oder ob Sie vor der Wahl stehen, zum traditionellen Melken zur\u00fcckzukehren, wir haben oft eine perfekte L\u00f6sung, die in 99% der F\u00e4lle auch finanziell g\u00fcnstiger ist.<\/p>\n\n<p>Gerade bei unseren Produkten ist ein neues Genehmigungsverfahren oft nicht notwendig, da wir, nat\u00fcrlich in Absprache mit Ihnen als Endverbraucher, versuchen, im Stall zu bleiben. Es ist auch m\u00f6glich, einen Melkstand ganz nach Ihren W\u00fcnschen zu konfigurieren. Wir machen sie fit.<\/p>\n","protected":false},"excerpt":{"rendered":"<p>Wir sind Swaving Techniek &amp; Constructie B.V. mit Sitz in Sappemeer (Gr). Als enthusiastisches, junges und dynamisches Unternehmen haben wir in den letzten Jahren zunehmend festgestellt, dass sich der Markt ver\u00e4ndert. Aufgrund dieses Wandels haben wir uns zunehmend auf die Entwicklung und Weiterentwicklung von modularen und mobilen L\u00f6sungen f\u00fcr traditionelle Melksysteme in der Milchviehhaltung konzentriert.&hellip;<\/p>\n","protected":false},"author":1,"featured_media":0,"parent":0,"menu_order":0,"comment_status":"closed","ping_status":"closed","template":"","meta":{"_acf_changed":false,"footnotes":""},"class_list":["post-20940","page","type-page","status-publish","hentry"],"acf":[],"_links":{"self":[{"href":"https:\/\/swaving-techniek.nl\/de\/wp-json\/wp\/v2\/pages\/20940","targetHints":{"allow":["GET"]}}],"collection":[{"href":"https:\/\/swaving-techniek.nl\/de\/wp-json\/wp\/v2\/pages"}],"about":[{"href":"https:\/\/swaving-techniek.nl\/de\/wp-json\/wp\/v2\/types\/page"}],"author":[{"embeddable":true,"href":"https:\/\/swaving-techniek.nl\/de\/wp-json\/wp\/v2\/users\/1"}],"replies":[{"embeddable":true,"href":"https:\/\/swaving-techniek.nl\/de\/wp-json\/wp\/v2\/comments?post=20940"}],"version-history":[{"count":1,"href":"https:\/\/swaving-techniek.nl\/de\/wp-json\/wp\/v2\/pages\/20940\/revisions"}],"predecessor-version":[{"id":20941,"href":"https:\/\/swaving-techniek.nl\/de\/wp-json\/wp\/v2\/pages\/20940\/revisions\/20941"}],"wp:attachment":[{"href":"https:\/\/swaving-techniek.nl\/de\/wp-json\/wp\/v2\/media?parent=20940"}],"curies":[{"name":"wp","href":"https:\/\/api.w.org\/{rel}","templated":true}]}}