{"id":20944,"date":"2025-01-23T10:31:19","date_gmt":"2025-01-23T10:31:19","guid":{"rendered":"https:\/\/swaving-techniek.nl\/losungen-fur-bau-konstruktion\/produkte\/technische-zeichnungen\/"},"modified":"2025-05-09T07:38:59","modified_gmt":"2025-05-09T07:38:59","slug":"technische-zeichnungen","status":"publish","type":"page","link":"https:\/\/swaving-techniek.nl\/de\/losungen-fur-bau-konstruktion\/produkte\/technische-zeichnungen\/","title":{"rendered":"Technische Zeichnungen"},"content":{"rendered":"\n<blockquote class=\"wp-block-quote is-layout-flow wp-block-quote-is-layout-flow\">\n<p>Legen Sie eine solide Grundlage f\u00fcr Ihr Projekt mit den pr\u00e4zisen Zeichnungen von Swaving Bau &amp; Technik.<\/p>\n<\/blockquote>\n\n<p>Neben technischen Zeichnungen k\u00f6nnen Sie uns auch kontaktieren f\u00fcr: <\/p>\n\n<ul class=\"wp-block-list\">\n<li>Konstruktionsberechnungen<\/li>\n\n\n\n<li>Sondierungsberichte<\/li>\n\n\n\n<li>Einreichung von Bauantr\u00e4gen<\/li>\n\n\n\n<li>Berechnungen zur Untermauerung.<\/li>\n<\/ul>\n\n<p>F\u00fcr weitere Informationen oder Fragen k\u00f6nnen Sie uns gerne <a href=\"https:\/\/swaving-techniek.nl\/de\/kontakt\/\" data-type=\"page\" data-id=\"19473\">kontaktieren.<\/a><\/p>\n","protected":false},"excerpt":{"rendered":"<p>Legen Sie eine solide Grundlage f\u00fcr Ihr Projekt mit den pr\u00e4zisen Zeichnungen von Swaving Bau &amp; Technik. Neben technischen Zeichnungen k\u00f6nnen Sie uns auch kontaktieren f\u00fcr: F\u00fcr weitere Informationen oder Fragen k\u00f6nnen Sie uns gerne kontaktieren.<\/p>\n","protected":false},"author":1,"featured_media":20614,"parent":20899,"menu_order":0,"comment_status":"closed","ping_status":"closed","template":"","meta":{"_acf_changed":false,"footnotes":""},"class_list":["post-20944","page","type-page","status-publish","has-post-thumbnail","hentry"],"acf":[],"_links":{"self":[{"href":"https:\/\/swaving-techniek.nl\/de\/wp-json\/wp\/v2\/pages\/20944","targetHints":{"allow":["GET"]}}],"collection":[{"href":"https:\/\/swaving-techniek.nl\/de\/wp-json\/wp\/v2\/pages"}],"about":[{"href":"https:\/\/swaving-techniek.nl\/de\/wp-json\/wp\/v2\/types\/page"}],"author":[{"embeddable":true,"href":"https:\/\/swaving-techniek.nl\/de\/wp-json\/wp\/v2\/users\/1"}],"replies":[{"embeddable":true,"href":"https:\/\/swaving-techniek.nl\/de\/wp-json\/wp\/v2\/comments?post=20944"}],"version-history":[{"count":2,"href":"https:\/\/swaving-techniek.nl\/de\/wp-json\/wp\/v2\/pages\/20944\/revisions"}],"predecessor-version":[{"id":21053,"href":"https:\/\/swaving-techniek.nl\/de\/wp-json\/wp\/v2\/pages\/20944\/revisions\/21053"}],"up":[{"embeddable":true,"href":"https:\/\/swaving-techniek.nl\/de\/wp-json\/wp\/v2\/pages\/20899"}],"wp:featuredmedia":[{"embeddable":true,"href":"https:\/\/swaving-techniek.nl\/de\/wp-json\/wp\/v2\/media\/20614"}],"wp:attachment":[{"href":"https:\/\/swaving-techniek.nl\/de\/wp-json\/wp\/v2\/media?parent=20944"}],"curies":[{"name":"wp","href":"https:\/\/api.w.org\/{rel}","templated":true}]}}