{"id":20948,"date":"2025-01-23T10:44:30","date_gmt":"2025-01-23T10:44:30","guid":{"rendered":"https:\/\/swaving-techniek.nl\/losungen-fur-bau-konstruktion\/produkte\/bauarbeiten\/"},"modified":"2025-05-08T13:03:24","modified_gmt":"2025-05-08T13:03:24","slug":"bauarbeiten","status":"publish","type":"page","link":"https:\/\/swaving-techniek.nl\/de\/losungen-fur-bau-konstruktion\/produkte\/bauarbeiten\/","title":{"rendered":"Bauarbeiten"},"content":{"rendered":"\n<p>Ihr Projekt, unser Know-how: Ob es sich um den Bau von St\u00e4llen und Hallen, die Verst\u00e4rkung bestehender Strukturen oder praktische Anbauten handelt, wir bieten die passende L\u00f6sung.<\/p>\n\n<h3 class=\"wp-block-heading\">Wir bieten Ihnen:<\/h3>\n\n<ul class=\"wp-block-list\">\n<li>Fundierte Beratung zu Ihren Baupl\u00e4nen<\/li>\n\n\n\n<li>Detaillierte Zeichnung Ihrer Konstruktion<\/li>\n\n\n\n<li>Statische Berechnung des Oberbaus<\/li>\n\n\n\n<li>Gr\u00fcndliche Berechnung der Boden- und Unterkonstruktion<\/li>\n\n\n\n<li>Fachgerechte Herstellung der Konstruktion<\/li>\n\n\n\n<li>Fachgerechte Montage der Konstruktion<\/li>\n\n\n\n<li>Produktions\u00fcberwachung w\u00e4hrend des gesamten Prozesses<\/li>\n<\/ul>\n\n<figure class=\"wp-block-gallery has-nested-images columns-5 is-cropped wp-block-gallery-1 is-layout-flex wp-block-gallery-is-layout-flex\">\n<figure class=\"wp-block-image size-full\"><a href=\"https:\/\/swaving-techniek.nl\/wp-content\/uploads\/2025\/04\/Swaving-constructie-stallen-loodsen-03.jpg\"><img loading=\"lazy\" decoding=\"async\" width=\"1920\" height=\"1440\" data-id=\"20423\" src=\"https:\/\/swaving-techniek.nl\/wp-content\/uploads\/2025\/04\/Swaving-constructie-stallen-loodsen-03.jpg\" alt=\"\" class=\"wp-image-20423\" srcset=\"https:\/\/swaving-techniek.nl\/wp-content\/uploads\/2025\/04\/Swaving-constructie-stallen-loodsen-03.jpg 1920w, https:\/\/swaving-techniek.nl\/wp-content\/uploads\/2025\/04\/Swaving-constructie-stallen-loodsen-03-300x225.jpg 300w, https:\/\/swaving-techniek.nl\/wp-content\/uploads\/2025\/04\/Swaving-constructie-stallen-loodsen-03-1024x768.jpg 1024w, https:\/\/swaving-techniek.nl\/wp-content\/uploads\/2025\/04\/Swaving-constructie-stallen-loodsen-03-768x576.jpg 768w, https:\/\/swaving-techniek.nl\/wp-content\/uploads\/2025\/04\/Swaving-constructie-stallen-loodsen-03-1536x1152.jpg 1536w\" sizes=\"auto, (max-width: 1920px) 100vw, 1920px\" \/><\/a><\/figure>\n\n\n\n<figure class=\"wp-block-image size-full\"><a href=\"https:\/\/swaving-techniek.nl\/wp-content\/uploads\/2025\/01\/swaving-constructie-bouw-beeld-bij-diensten-web.jpg\"><img loading=\"lazy\" decoding=\"async\" width=\"1920\" height=\"1440\" data-id=\"20426\" src=\"https:\/\/swaving-techniek.nl\/wp-content\/uploads\/2025\/01\/swaving-constructie-bouw-beeld-bij-diensten-web.jpg\" alt=\"\" class=\"wp-image-20426\" srcset=\"https:\/\/swaving-techniek.nl\/wp-content\/uploads\/2025\/01\/swaving-constructie-bouw-beeld-bij-diensten-web.jpg 1920w, https:\/\/swaving-techniek.nl\/wp-content\/uploads\/2025\/01\/swaving-constructie-bouw-beeld-bij-diensten-web-300x225.jpg 300w, https:\/\/swaving-techniek.nl\/wp-content\/uploads\/2025\/01\/swaving-constructie-bouw-beeld-bij-diensten-web-1024x768.jpg 1024w, https:\/\/swaving-techniek.nl\/wp-content\/uploads\/2025\/01\/swaving-constructie-bouw-beeld-bij-diensten-web-768x576.jpg 768w, https:\/\/swaving-techniek.nl\/wp-content\/uploads\/2025\/01\/swaving-constructie-bouw-beeld-bij-diensten-web-1536x1152.jpg 1536w\" sizes=\"auto, (max-width: 1920px) 100vw, 1920px\" \/><\/a><\/figure>\n\n\n\n<figure class=\"wp-block-image size-full\"><a href=\"https:\/\/swaving-techniek.nl\/wp-content\/uploads\/2025\/04\/Swaving-constructie-stallen-loodsen-04.jpg\"><img loading=\"lazy\" decoding=\"async\" width=\"1920\" height=\"1440\" data-id=\"20421\" src=\"https:\/\/swaving-techniek.nl\/wp-content\/uploads\/2025\/04\/Swaving-constructie-stallen-loodsen-04.jpg\" alt=\"\" class=\"wp-image-20421\" srcset=\"https:\/\/swaving-techniek.nl\/wp-content\/uploads\/2025\/04\/Swaving-constructie-stallen-loodsen-04.jpg 1920w, https:\/\/swaving-techniek.nl\/wp-content\/uploads\/2025\/04\/Swaving-constructie-stallen-loodsen-04-300x225.jpg 300w, https:\/\/swaving-techniek.nl\/wp-content\/uploads\/2025\/04\/Swaving-constructie-stallen-loodsen-04-1024x768.jpg 1024w, https:\/\/swaving-techniek.nl\/wp-content\/uploads\/2025\/04\/Swaving-constructie-stallen-loodsen-04-768x576.jpg 768w, https:\/\/swaving-techniek.nl\/wp-content\/uploads\/2025\/04\/Swaving-constructie-stallen-loodsen-04-1536x1152.jpg 1536w\" sizes=\"auto, (max-width: 1920px) 100vw, 1920px\" \/><\/a><\/figure>\n\n\n\n<figure class=\"wp-block-image size-full\"><a href=\"https:\/\/swaving-techniek.nl\/wp-content\/uploads\/2025\/04\/swaving-constructie-werken-07.jpg\"><img loading=\"lazy\" decoding=\"async\" width=\"1680\" height=\"1260\" data-id=\"20435\" src=\"https:\/\/swaving-techniek.nl\/wp-content\/uploads\/2025\/04\/swaving-constructie-werken-07.jpg\" alt=\"\" class=\"wp-image-20435\" srcset=\"https:\/\/swaving-techniek.nl\/wp-content\/uploads\/2025\/04\/swaving-constructie-werken-07.jpg 1680w, https:\/\/swaving-techniek.nl\/wp-content\/uploads\/2025\/04\/swaving-constructie-werken-07-300x225.jpg 300w, https:\/\/swaving-techniek.nl\/wp-content\/uploads\/2025\/04\/swaving-constructie-werken-07-1024x768.jpg 1024w, https:\/\/swaving-techniek.nl\/wp-content\/uploads\/2025\/04\/swaving-constructie-werken-07-768x576.jpg 768w, https:\/\/swaving-techniek.nl\/wp-content\/uploads\/2025\/04\/swaving-constructie-werken-07-1536x1152.jpg 1536w\" sizes=\"auto, (max-width: 1680px) 100vw, 1680px\" \/><\/a><\/figure>\n\n\n\n<figure class=\"wp-block-image size-full\"><a href=\"https:\/\/swaving-techniek.nl\/wp-content\/uploads\/2025\/04\/swaving-constructie-werken-09.jpg\"><img loading=\"lazy\" decoding=\"async\" width=\"1152\" height=\"2048\" data-id=\"20437\" src=\"https:\/\/swaving-techniek.nl\/wp-content\/uploads\/2025\/04\/swaving-constructie-werken-09.jpg\" alt=\"\" class=\"wp-image-20437\" srcset=\"https:\/\/swaving-techniek.nl\/wp-content\/uploads\/2025\/04\/swaving-constructie-werken-09.jpg 1152w, https:\/\/swaving-techniek.nl\/wp-content\/uploads\/2025\/04\/swaving-constructie-werken-09-169x300.jpg 169w, https:\/\/swaving-techniek.nl\/wp-content\/uploads\/2025\/04\/swaving-constructie-werken-09-576x1024.jpg 576w, https:\/\/swaving-techniek.nl\/wp-content\/uploads\/2025\/04\/swaving-constructie-werken-09-768x1365.jpg 768w, https:\/\/swaving-techniek.nl\/wp-content\/uploads\/2025\/04\/swaving-constructie-werken-09-864x1536.jpg 864w\" sizes=\"auto, (max-width: 1152px) 100vw, 1152px\" \/><\/a><\/figure>\n\n\n\n<figure class=\"wp-block-image size-full\"><a href=\"https:\/\/swaving-techniek.nl\/wp-content\/uploads\/2025\/04\/swaving-constructie-werken-11.jpg\"><img loading=\"lazy\" decoding=\"async\" width=\"1152\" height=\"2048\" data-id=\"20436\" src=\"https:\/\/swaving-techniek.nl\/wp-content\/uploads\/2025\/04\/swaving-constructie-werken-11.jpg\" alt=\"\" class=\"wp-image-20436\" srcset=\"https:\/\/swaving-techniek.nl\/wp-content\/uploads\/2025\/04\/swaving-constructie-werken-11.jpg 1152w, https:\/\/swaving-techniek.nl\/wp-content\/uploads\/2025\/04\/swaving-constructie-werken-11-169x300.jpg 169w, https:\/\/swaving-techniek.nl\/wp-content\/uploads\/2025\/04\/swaving-constructie-werken-11-576x1024.jpg 576w, https:\/\/swaving-techniek.nl\/wp-content\/uploads\/2025\/04\/swaving-constructie-werken-11-768x1365.jpg 768w, https:\/\/swaving-techniek.nl\/wp-content\/uploads\/2025\/04\/swaving-constructie-werken-11-864x1536.jpg 864w\" sizes=\"auto, (max-width: 1152px) 100vw, 1152px\" \/><\/a><\/figure>\n\n\n\n<figure class=\"wp-block-image size-full\"><a href=\"https:\/\/swaving-techniek.nl\/wp-content\/uploads\/2025\/04\/swaving-constructie-werken-08.jpg\"><img loading=\"lazy\" decoding=\"async\" width=\"1152\" height=\"2048\" data-id=\"20438\" src=\"https:\/\/swaving-techniek.nl\/wp-content\/uploads\/2025\/04\/swaving-constructie-werken-08.jpg\" alt=\"\" class=\"wp-image-20438\" srcset=\"https:\/\/swaving-techniek.nl\/wp-content\/uploads\/2025\/04\/swaving-constructie-werken-08.jpg 1152w, https:\/\/swaving-techniek.nl\/wp-content\/uploads\/2025\/04\/swaving-constructie-werken-08-169x300.jpg 169w, https:\/\/swaving-techniek.nl\/wp-content\/uploads\/2025\/04\/swaving-constructie-werken-08-576x1024.jpg 576w, https:\/\/swaving-techniek.nl\/wp-content\/uploads\/2025\/04\/swaving-constructie-werken-08-768x1365.jpg 768w, https:\/\/swaving-techniek.nl\/wp-content\/uploads\/2025\/04\/swaving-constructie-werken-08-864x1536.jpg 864w\" sizes=\"auto, (max-width: 1152px) 100vw, 1152px\" \/><\/a><\/figure>\n\n\n\n<figure class=\"wp-block-image size-full\"><a href=\"https:\/\/swaving-techniek.nl\/wp-content\/uploads\/2025\/04\/swaving-constructie-werken-05.jpg\"><img loading=\"lazy\" decoding=\"async\" width=\"2048\" height=\"1536\" data-id=\"20439\" src=\"https:\/\/swaving-techniek.nl\/wp-content\/uploads\/2025\/04\/swaving-constructie-werken-05.jpg\" alt=\"\" class=\"wp-image-20439\" srcset=\"https:\/\/swaving-techniek.nl\/wp-content\/uploads\/2025\/04\/swaving-constructie-werken-05.jpg 2048w, https:\/\/swaving-techniek.nl\/wp-content\/uploads\/2025\/04\/swaving-constructie-werken-05-300x225.jpg 300w, https:\/\/swaving-techniek.nl\/wp-content\/uploads\/2025\/04\/swaving-constructie-werken-05-1024x768.jpg 1024w, https:\/\/swaving-techniek.nl\/wp-content\/uploads\/2025\/04\/swaving-constructie-werken-05-768x576.jpg 768w, https:\/\/swaving-techniek.nl\/wp-content\/uploads\/2025\/04\/swaving-constructie-werken-05-1536x1152.jpg 1536w\" sizes=\"auto, (max-width: 2048px) 100vw, 2048px\" \/><\/a><\/figure>\n\n\n\n<figure class=\"wp-block-image size-full\"><a href=\"https:\/\/swaving-techniek.nl\/wp-content\/uploads\/2025\/04\/swaving-constructie-werken-06.jpg\"><img loading=\"lazy\" decoding=\"async\" width=\"1600\" height=\"1200\" data-id=\"20440\" src=\"https:\/\/swaving-techniek.nl\/wp-content\/uploads\/2025\/04\/swaving-constructie-werken-06.jpg\" alt=\"\" class=\"wp-image-20440\" srcset=\"https:\/\/swaving-techniek.nl\/wp-content\/uploads\/2025\/04\/swaving-constructie-werken-06.jpg 1600w, https:\/\/swaving-techniek.nl\/wp-content\/uploads\/2025\/04\/swaving-constructie-werken-06-300x225.jpg 300w, https:\/\/swaving-techniek.nl\/wp-content\/uploads\/2025\/04\/swaving-constructie-werken-06-1024x768.jpg 1024w, https:\/\/swaving-techniek.nl\/wp-content\/uploads\/2025\/04\/swaving-constructie-werken-06-768x576.jpg 768w, https:\/\/swaving-techniek.nl\/wp-content\/uploads\/2025\/04\/swaving-constructie-werken-06-1536x1152.jpg 1536w\" sizes=\"auto, (max-width: 1600px) 100vw, 1600px\" \/><\/a><\/figure>\n\n\n\n<figure class=\"wp-block-image size-full\"><a href=\"https:\/\/swaving-techniek.nl\/wp-content\/uploads\/2025\/04\/swaving-constructie-werken-01.jpg\"><img loading=\"lazy\" decoding=\"async\" width=\"899\" height=\"1599\" data-id=\"20441\" src=\"https:\/\/swaving-techniek.nl\/wp-content\/uploads\/2025\/04\/swaving-constructie-werken-01.jpg\" alt=\"\" class=\"wp-image-20441\" srcset=\"https:\/\/swaving-techniek.nl\/wp-content\/uploads\/2025\/04\/swaving-constructie-werken-01.jpg 899w, https:\/\/swaving-techniek.nl\/wp-content\/uploads\/2025\/04\/swaving-constructie-werken-01-169x300.jpg 169w, https:\/\/swaving-techniek.nl\/wp-content\/uploads\/2025\/04\/swaving-constructie-werken-01-576x1024.jpg 576w, https:\/\/swaving-techniek.nl\/wp-content\/uploads\/2025\/04\/swaving-constructie-werken-01-768x1366.jpg 768w, https:\/\/swaving-techniek.nl\/wp-content\/uploads\/2025\/04\/swaving-constructie-werken-01-864x1536.jpg 864w\" sizes=\"auto, (max-width: 899px) 100vw, 899px\" \/><\/a><\/figure>\n\n\n\n<figure class=\"wp-block-image size-full\"><a href=\"https:\/\/swaving-techniek.nl\/wp-content\/uploads\/2025\/04\/Swaving-constructie-stallen-loodsen-01.jpg\"><img loading=\"lazy\" decoding=\"async\" width=\"1920\" height=\"1080\" data-id=\"20420\" src=\"https:\/\/swaving-techniek.nl\/wp-content\/uploads\/2025\/04\/Swaving-constructie-stallen-loodsen-01.jpg\" alt=\"\" class=\"wp-image-20420\" srcset=\"https:\/\/swaving-techniek.nl\/wp-content\/uploads\/2025\/04\/Swaving-constructie-stallen-loodsen-01.jpg 1920w, https:\/\/swaving-techniek.nl\/wp-content\/uploads\/2025\/04\/Swaving-constructie-stallen-loodsen-01-300x169.jpg 300w, https:\/\/swaving-techniek.nl\/wp-content\/uploads\/2025\/04\/Swaving-constructie-stallen-loodsen-01-1024x576.jpg 1024w, https:\/\/swaving-techniek.nl\/wp-content\/uploads\/2025\/04\/Swaving-constructie-stallen-loodsen-01-768x432.jpg 768w, https:\/\/swaving-techniek.nl\/wp-content\/uploads\/2025\/04\/Swaving-constructie-stallen-loodsen-01-1536x864.jpg 1536w\" sizes=\"auto, (max-width: 1920px) 100vw, 1920px\" \/><\/a><\/figure>\n\n\n\n<figure class=\"wp-block-image size-full\"><a href=\"https:\/\/swaving-techniek.nl\/wp-content\/uploads\/2025\/04\/swaving-constructie-werken-03.jpg\"><img loading=\"lazy\" decoding=\"async\" width=\"1600\" height=\"739\" data-id=\"20442\" src=\"https:\/\/swaving-techniek.nl\/wp-content\/uploads\/2025\/04\/swaving-constructie-werken-03.jpg\" alt=\"\" class=\"wp-image-20442\" srcset=\"https:\/\/swaving-techniek.nl\/wp-content\/uploads\/2025\/04\/swaving-constructie-werken-03.jpg 1600w, https:\/\/swaving-techniek.nl\/wp-content\/uploads\/2025\/04\/swaving-constructie-werken-03-300x139.jpg 300w, https:\/\/swaving-techniek.nl\/wp-content\/uploads\/2025\/04\/swaving-constructie-werken-03-1024x473.jpg 1024w, https:\/\/swaving-techniek.nl\/wp-content\/uploads\/2025\/04\/swaving-constructie-werken-03-768x355.jpg 768w, https:\/\/swaving-techniek.nl\/wp-content\/uploads\/2025\/04\/swaving-constructie-werken-03-1536x709.jpg 1536w\" sizes=\"auto, (max-width: 1600px) 100vw, 1600px\" \/><\/a><\/figure>\n\n\n\n<figure class=\"wp-block-image size-full\"><img loading=\"lazy\" decoding=\"async\" width=\"900\" height=\"1256\" data-id=\"20443\" src=\"https:\/\/swaving-techniek.nl\/wp-content\/uploads\/2025\/04\/Swaving-constructie-bouw-01.jpg\" alt=\"\" class=\"wp-image-20443\" srcset=\"https:\/\/swaving-techniek.nl\/wp-content\/uploads\/2025\/04\/Swaving-constructie-bouw-01.jpg 900w, https:\/\/swaving-techniek.nl\/wp-content\/uploads\/2025\/04\/Swaving-constructie-bouw-01-215x300.jpg 215w, https:\/\/swaving-techniek.nl\/wp-content\/uploads\/2025\/04\/Swaving-constructie-bouw-01-734x1024.jpg 734w, https:\/\/swaving-techniek.nl\/wp-content\/uploads\/2025\/04\/Swaving-constructie-bouw-01-768x1072.jpg 768w\" sizes=\"auto, (max-width: 900px) 100vw, 900px\" \/><\/figure>\n<\/figure>\n","protected":false},"excerpt":{"rendered":"<p>Ihr Projekt, unser Know-how: Ob es sich um den Bau von St\u00e4llen und Hallen, die Verst\u00e4rkung bestehender Strukturen oder praktische Anbauten handelt, wir bieten die passende L\u00f6sung. Wir bieten Ihnen:<\/p>\n","protected":false},"author":1,"featured_media":20756,"parent":20899,"menu_order":0,"comment_status":"closed","ping_status":"closed","template":"","meta":{"_acf_changed":false,"footnotes":""},"class_list":["post-20948","page","type-page","status-publish","has-post-thumbnail","hentry"],"acf":[],"_links":{"self":[{"href":"https:\/\/swaving-techniek.nl\/de\/wp-json\/wp\/v2\/pages\/20948","targetHints":{"allow":["GET"]}}],"collection":[{"href":"https:\/\/swaving-techniek.nl\/de\/wp-json\/wp\/v2\/pages"}],"about":[{"href":"https:\/\/swaving-techniek.nl\/de\/wp-json\/wp\/v2\/types\/page"}],"author":[{"embeddable":true,"href":"https:\/\/swaving-techniek.nl\/de\/wp-json\/wp\/v2\/users\/1"}],"replies":[{"embeddable":true,"href":"https:\/\/swaving-techniek.nl\/de\/wp-json\/wp\/v2\/comments?post=20948"}],"version-history":[{"count":1,"href":"https:\/\/swaving-techniek.nl\/de\/wp-json\/wp\/v2\/pages\/20948\/revisions"}],"predecessor-version":[{"id":20949,"href":"https:\/\/swaving-techniek.nl\/de\/wp-json\/wp\/v2\/pages\/20948\/revisions\/20949"}],"up":[{"embeddable":true,"href":"https:\/\/swaving-techniek.nl\/de\/wp-json\/wp\/v2\/pages\/20899"}],"wp:featuredmedia":[{"embeddable":true,"href":"https:\/\/swaving-techniek.nl\/de\/wp-json\/wp\/v2\/media\/20756"}],"wp:attachment":[{"href":"https:\/\/swaving-techniek.nl\/de\/wp-json\/wp\/v2\/media?parent=20948"}],"curies":[{"name":"wp","href":"https:\/\/api.w.org\/{rel}","templated":true}]}}