{"id":20968,"date":"2025-01-21T11:41:15","date_gmt":"2025-01-21T11:41:15","guid":{"rendered":"https:\/\/swaving-techniek.nl\/losungen-in-der-landtechnik\/produkte\/vermietung\/"},"modified":"2025-05-08T15:07:52","modified_gmt":"2025-05-08T15:07:52","slug":"vermietung","status":"publish","type":"page","link":"https:\/\/swaving-techniek.nl\/de\/losungen-in-der-landtechnik\/produkte\/vermietung\/","title":{"rendered":"Vermietung"},"content":{"rendered":"\n<p>Swaving Techniek &amp; Constructie vermietet mobile Melkst\u00e4nde in verschiedenen Gr\u00f6\u00dfen. F\u00fcr weitere Informationen \u00fcber die M\u00f6glichkeiten und die aktuelle Verf\u00fcgbarkeit nehmen Sie bitte <a href=\"https:\/\/swaving-techniek.nl\/de\/kontakt\/\" data-type=\"page\" data-id=\"19473\">kontakt<\/a> mit uns auf.  <\/p>\n\n<figure class=\"wp-block-gallery has-nested-images columns-4 is-cropped wp-block-gallery-1 is-layout-flex wp-block-gallery-is-layout-flex\">\n<figure class=\"wp-block-image size-full\"><a href=\"https:\/\/swaving-techniek.nl\/wp-content\/uploads\/2025\/04\/swaving-techniek-constructie-verhuur-02.jpg\"><img loading=\"lazy\" decoding=\"async\" width=\"1200\" height=\"1600\" data-id=\"20494\" src=\"https:\/\/swaving-techniek.nl\/wp-content\/uploads\/2025\/04\/swaving-techniek-constructie-verhuur-02.jpg\" alt=\"\" class=\"wp-image-20494\" srcset=\"https:\/\/swaving-techniek.nl\/wp-content\/uploads\/2025\/04\/swaving-techniek-constructie-verhuur-02.jpg 1200w, https:\/\/swaving-techniek.nl\/wp-content\/uploads\/2025\/04\/swaving-techniek-constructie-verhuur-02-225x300.jpg 225w, https:\/\/swaving-techniek.nl\/wp-content\/uploads\/2025\/04\/swaving-techniek-constructie-verhuur-02-768x1024.jpg 768w, https:\/\/swaving-techniek.nl\/wp-content\/uploads\/2025\/04\/swaving-techniek-constructie-verhuur-02-1152x1536.jpg 1152w\" sizes=\"auto, (max-width: 1200px) 100vw, 1200px\" \/><\/a><\/figure>\n\n\n\n<figure class=\"wp-block-image size-full\"><a href=\"https:\/\/swaving-techniek.nl\/wp-content\/uploads\/2025\/04\/swaving-techniek-constructie-verhuur-03.jpg\"><img loading=\"lazy\" decoding=\"async\" width=\"1920\" height=\"1440\" data-id=\"20495\" src=\"https:\/\/swaving-techniek.nl\/wp-content\/uploads\/2025\/04\/swaving-techniek-constructie-verhuur-03.jpg\" alt=\"\" class=\"wp-image-20495\" srcset=\"https:\/\/swaving-techniek.nl\/wp-content\/uploads\/2025\/04\/swaving-techniek-constructie-verhuur-03.jpg 1920w, https:\/\/swaving-techniek.nl\/wp-content\/uploads\/2025\/04\/swaving-techniek-constructie-verhuur-03-300x225.jpg 300w, https:\/\/swaving-techniek.nl\/wp-content\/uploads\/2025\/04\/swaving-techniek-constructie-verhuur-03-1024x768.jpg 1024w, https:\/\/swaving-techniek.nl\/wp-content\/uploads\/2025\/04\/swaving-techniek-constructie-verhuur-03-768x576.jpg 768w, https:\/\/swaving-techniek.nl\/wp-content\/uploads\/2025\/04\/swaving-techniek-constructie-verhuur-03-1536x1152.jpg 1536w\" sizes=\"auto, (max-width: 1920px) 100vw, 1920px\" \/><\/a><\/figure>\n\n\n\n<figure class=\"wp-block-image size-full\"><a href=\"https:\/\/swaving-techniek.nl\/wp-content\/uploads\/2025\/04\/swaving-techniek-constructie-verhuur-01.jpg\"><img loading=\"lazy\" decoding=\"async\" width=\"1920\" height=\"1080\" data-id=\"20496\" src=\"https:\/\/swaving-techniek.nl\/wp-content\/uploads\/2025\/04\/swaving-techniek-constructie-verhuur-01.jpg\" alt=\"\" class=\"wp-image-20496\" srcset=\"https:\/\/swaving-techniek.nl\/wp-content\/uploads\/2025\/04\/swaving-techniek-constructie-verhuur-01.jpg 1920w, https:\/\/swaving-techniek.nl\/wp-content\/uploads\/2025\/04\/swaving-techniek-constructie-verhuur-01-300x169.jpg 300w, https:\/\/swaving-techniek.nl\/wp-content\/uploads\/2025\/04\/swaving-techniek-constructie-verhuur-01-1024x576.jpg 1024w, https:\/\/swaving-techniek.nl\/wp-content\/uploads\/2025\/04\/swaving-techniek-constructie-verhuur-01-768x432.jpg 768w, https:\/\/swaving-techniek.nl\/wp-content\/uploads\/2025\/04\/swaving-techniek-constructie-verhuur-01-1536x864.jpg 1536w\" sizes=\"auto, (max-width: 1920px) 100vw, 1920px\" \/><\/a><\/figure>\n\n\n\n<figure class=\"wp-block-image size-full\"><a href=\"https:\/\/swaving-techniek.nl\/wp-content\/uploads\/2025\/04\/swaving-techniek-constructie-verhuur-04.jpg\"><img loading=\"lazy\" decoding=\"async\" width=\"1920\" height=\"1440\" data-id=\"20497\" src=\"https:\/\/swaving-techniek.nl\/wp-content\/uploads\/2025\/04\/swaving-techniek-constructie-verhuur-04.jpg\" alt=\"\" class=\"wp-image-20497\" srcset=\"https:\/\/swaving-techniek.nl\/wp-content\/uploads\/2025\/04\/swaving-techniek-constructie-verhuur-04.jpg 1920w, https:\/\/swaving-techniek.nl\/wp-content\/uploads\/2025\/04\/swaving-techniek-constructie-verhuur-04-300x225.jpg 300w, https:\/\/swaving-techniek.nl\/wp-content\/uploads\/2025\/04\/swaving-techniek-constructie-verhuur-04-1024x768.jpg 1024w, https:\/\/swaving-techniek.nl\/wp-content\/uploads\/2025\/04\/swaving-techniek-constructie-verhuur-04-768x576.jpg 768w, https:\/\/swaving-techniek.nl\/wp-content\/uploads\/2025\/04\/swaving-techniek-constructie-verhuur-04-1536x1152.jpg 1536w\" sizes=\"auto, (max-width: 1920px) 100vw, 1920px\" \/><\/a><\/figure>\n<\/figure>\n","protected":false},"excerpt":{"rendered":"<p>Swaving Techniek &amp; Constructie vermietet mobile Melkst\u00e4nde in verschiedenen Gr\u00f6\u00dfen. F\u00fcr weitere Informationen \u00fcber die M\u00f6glichkeiten und die aktuelle Verf\u00fcgbarkeit nehmen Sie bitte kontakt mit uns auf.<\/p>\n","protected":false},"author":1,"featured_media":20622,"parent":20897,"menu_order":0,"comment_status":"closed","ping_status":"closed","template":"","meta":{"_acf_changed":false,"footnotes":""},"class_list":["post-20968","page","type-page","status-publish","has-post-thumbnail","hentry"],"acf":[],"_links":{"self":[{"href":"https:\/\/swaving-techniek.nl\/de\/wp-json\/wp\/v2\/pages\/20968","targetHints":{"allow":["GET"]}}],"collection":[{"href":"https:\/\/swaving-techniek.nl\/de\/wp-json\/wp\/v2\/pages"}],"about":[{"href":"https:\/\/swaving-techniek.nl\/de\/wp-json\/wp\/v2\/types\/page"}],"author":[{"embeddable":true,"href":"https:\/\/swaving-techniek.nl\/de\/wp-json\/wp\/v2\/users\/1"}],"replies":[{"embeddable":true,"href":"https:\/\/swaving-techniek.nl\/de\/wp-json\/wp\/v2\/comments?post=20968"}],"version-history":[{"count":1,"href":"https:\/\/swaving-techniek.nl\/de\/wp-json\/wp\/v2\/pages\/20968\/revisions"}],"predecessor-version":[{"id":20969,"href":"https:\/\/swaving-techniek.nl\/de\/wp-json\/wp\/v2\/pages\/20968\/revisions\/20969"}],"up":[{"embeddable":true,"href":"https:\/\/swaving-techniek.nl\/de\/wp-json\/wp\/v2\/pages\/20897"}],"wp:featuredmedia":[{"embeddable":true,"href":"https:\/\/swaving-techniek.nl\/de\/wp-json\/wp\/v2\/media\/20622"}],"wp:attachment":[{"href":"https:\/\/swaving-techniek.nl\/de\/wp-json\/wp\/v2\/media?parent=20968"}],"curies":[{"name":"wp","href":"https:\/\/api.w.org\/{rel}","templated":true}]}}