{"id":20970,"date":"2025-01-20T15:35:23","date_gmt":"2025-01-20T15:35:23","guid":{"rendered":"https:\/\/swaving-techniek.nl\/losungen-in-der-landtechnik\/produkte\/modularer-melkstand\/"},"modified":"2025-11-10T07:48:49","modified_gmt":"2025-11-10T07:48:49","slug":"modularer-melkstand","status":"publish","type":"page","link":"https:\/\/swaving-techniek.nl\/de\/losungen-in-der-landtechnik\/produkte\/modularer-melkstand\/","title":{"rendered":"Modularer Melkstand"},"content":{"rendered":"\n<p><strong>Unser modularer Melkstand ist ein sehr robuster und komplett verzinkter Rahmen. In dieses Gestell kann jede beliebige Melktechnik eingebaut werden. Sie k\u00f6nnen also auch Ihren bisherigen Serviceh\u00e4ndler nutzen. Wir sind nicht von einer bestimmten Marke von Melkmaschinen abh\u00e4ngig. Unser modularer Melkstand ist ein vollwertiger Melkstand und kann mit einem traditionellen &#8218;festen&#8216; Melkstand verglichen werden, aber eben modular.     <\/strong><\/p>\n\n\n\n<p>Modular bedeutet f\u00fcr uns, dass der Melkstand mobil und leicht erweiterbar ist und oft eine sehr kurze Installationszeit bei Ihnen vor Ort ben\u00f6tigt, denn es ist m\u00f6glich, den modularen Melkstand zu mehr als 90 % komplett mit Melktechnik vormontiert zu liefern und dann in manchmal nur wenigen Tagen melkfertig zu machen.<\/p>\n\n\n\n<figure class=\"wp-block-gallery has-nested-images columns-4 is-cropped wp-block-gallery-1 is-layout-flex wp-block-gallery-is-layout-flex\">\n<figure class=\"wp-block-image size-full\"><a href=\"https:\/\/swaving-techniek.nl\/wp-content\/uploads\/2025\/11\/swaving-modulaire-melkstal-20-stands-60gr.-Interpuls-7.jpg\"><img loading=\"lazy\" decoding=\"async\" width=\"1404\" height=\"844\" data-id=\"21149\" src=\"https:\/\/swaving-techniek.nl\/wp-content\/uploads\/2025\/11\/swaving-modulaire-melkstal-20-stands-60gr.-Interpuls-7.jpg\" alt=\"\" class=\"wp-image-21149\" srcset=\"https:\/\/swaving-techniek.nl\/wp-content\/uploads\/2025\/11\/swaving-modulaire-melkstal-20-stands-60gr.-Interpuls-7.jpg 1404w, https:\/\/swaving-techniek.nl\/wp-content\/uploads\/2025\/11\/swaving-modulaire-melkstal-20-stands-60gr.-Interpuls-7-300x180.jpg 300w, https:\/\/swaving-techniek.nl\/wp-content\/uploads\/2025\/11\/swaving-modulaire-melkstal-20-stands-60gr.-Interpuls-7-1024x616.jpg 1024w, https:\/\/swaving-techniek.nl\/wp-content\/uploads\/2025\/11\/swaving-modulaire-melkstal-20-stands-60gr.-Interpuls-7-768x462.jpg 768w\" sizes=\"auto, (max-width: 1404px) 100vw, 1404px\" \/><\/a><\/figure>\n\n\n\n<figure class=\"wp-block-image size-full\"><a href=\"https:\/\/swaving-techniek.nl\/wp-content\/uploads\/2025\/11\/swaving-modulaire-melkstal-Foto-7.jpg\"><img loading=\"lazy\" decoding=\"async\" width=\"1636\" height=\"844\" data-id=\"21170\" src=\"https:\/\/swaving-techniek.nl\/wp-content\/uploads\/2025\/11\/swaving-modulaire-melkstal-Foto-7.jpg\" alt=\"\" class=\"wp-image-21170\" srcset=\"https:\/\/swaving-techniek.nl\/wp-content\/uploads\/2025\/11\/swaving-modulaire-melkstal-Foto-7.jpg 1636w, https:\/\/swaving-techniek.nl\/wp-content\/uploads\/2025\/11\/swaving-modulaire-melkstal-Foto-7-300x155.jpg 300w, https:\/\/swaving-techniek.nl\/wp-content\/uploads\/2025\/11\/swaving-modulaire-melkstal-Foto-7-1024x528.jpg 1024w, https:\/\/swaving-techniek.nl\/wp-content\/uploads\/2025\/11\/swaving-modulaire-melkstal-Foto-7-768x396.jpg 768w, https:\/\/swaving-techniek.nl\/wp-content\/uploads\/2025\/11\/swaving-modulaire-melkstal-Foto-7-1536x792.jpg 1536w\" sizes=\"auto, (max-width: 1636px) 100vw, 1636px\" \/><\/a><\/figure>\n\n\n\n<figure class=\"wp-block-image size-full\"><a href=\"https:\/\/swaving-techniek.nl\/wp-content\/uploads\/2025\/11\/swaving-modulaire-melkstal-Foto-5.jpg\"><img loading=\"lazy\" decoding=\"async\" width=\"1636\" height=\"844\" data-id=\"21161\" src=\"https:\/\/swaving-techniek.nl\/wp-content\/uploads\/2025\/11\/swaving-modulaire-melkstal-Foto-5.jpg\" alt=\"\" class=\"wp-image-21161\" srcset=\"https:\/\/swaving-techniek.nl\/wp-content\/uploads\/2025\/11\/swaving-modulaire-melkstal-Foto-5.jpg 1636w, https:\/\/swaving-techniek.nl\/wp-content\/uploads\/2025\/11\/swaving-modulaire-melkstal-Foto-5-300x155.jpg 300w, https:\/\/swaving-techniek.nl\/wp-content\/uploads\/2025\/11\/swaving-modulaire-melkstal-Foto-5-1024x528.jpg 1024w, https:\/\/swaving-techniek.nl\/wp-content\/uploads\/2025\/11\/swaving-modulaire-melkstal-Foto-5-768x396.jpg 768w, https:\/\/swaving-techniek.nl\/wp-content\/uploads\/2025\/11\/swaving-modulaire-melkstal-Foto-5-1536x792.jpg 1536w\" sizes=\"auto, (max-width: 1636px) 100vw, 1636px\" \/><\/a><\/figure>\n\n\n\n<figure class=\"wp-block-image size-full\"><a href=\"https:\/\/swaving-techniek.nl\/wp-content\/uploads\/2025\/11\/swaving-modulaire-melkstal-Foto-1.jpg\"><img loading=\"lazy\" decoding=\"async\" width=\"1636\" height=\"844\" data-id=\"21152\" src=\"https:\/\/swaving-techniek.nl\/wp-content\/uploads\/2025\/11\/swaving-modulaire-melkstal-Foto-1.jpg\" alt=\"\" class=\"wp-image-21152\" srcset=\"https:\/\/swaving-techniek.nl\/wp-content\/uploads\/2025\/11\/swaving-modulaire-melkstal-Foto-1.jpg 1636w, https:\/\/swaving-techniek.nl\/wp-content\/uploads\/2025\/11\/swaving-modulaire-melkstal-Foto-1-300x155.jpg 300w, https:\/\/swaving-techniek.nl\/wp-content\/uploads\/2025\/11\/swaving-modulaire-melkstal-Foto-1-1024x528.jpg 1024w, https:\/\/swaving-techniek.nl\/wp-content\/uploads\/2025\/11\/swaving-modulaire-melkstal-Foto-1-768x396.jpg 768w, https:\/\/swaving-techniek.nl\/wp-content\/uploads\/2025\/11\/swaving-modulaire-melkstal-Foto-1-1536x792.jpg 1536w\" sizes=\"auto, (max-width: 1636px) 100vw, 1636px\" \/><\/a><\/figure>\n\n\n\n<figure class=\"wp-block-image size-full\"><a href=\"https:\/\/swaving-techniek.nl\/wp-content\/uploads\/2025\/01\/swaving-techniek-agrarisch-modulaire-melkstal-02.jpg\"><img loading=\"lazy\" decoding=\"async\" width=\"1920\" height=\"1280\" data-id=\"20023\" src=\"https:\/\/swaving-techniek.nl\/wp-content\/uploads\/2025\/01\/swaving-techniek-agrarisch-modulaire-melkstal-02.jpg\" alt=\"\" class=\"wp-image-20023\" srcset=\"https:\/\/swaving-techniek.nl\/wp-content\/uploads\/2025\/01\/swaving-techniek-agrarisch-modulaire-melkstal-02.jpg 1920w, https:\/\/swaving-techniek.nl\/wp-content\/uploads\/2025\/01\/swaving-techniek-agrarisch-modulaire-melkstal-02-300x200.jpg 300w, https:\/\/swaving-techniek.nl\/wp-content\/uploads\/2025\/01\/swaving-techniek-agrarisch-modulaire-melkstal-02-1024x683.jpg 1024w, https:\/\/swaving-techniek.nl\/wp-content\/uploads\/2025\/01\/swaving-techniek-agrarisch-modulaire-melkstal-02-768x512.jpg 768w, https:\/\/swaving-techniek.nl\/wp-content\/uploads\/2025\/01\/swaving-techniek-agrarisch-modulaire-melkstal-02-1536x1024.jpg 1536w\" sizes=\"auto, (max-width: 1920px) 100vw, 1920px\" \/><\/a><\/figure>\n\n\n\n<figure class=\"wp-block-image size-full\"><a href=\"https:\/\/swaving-techniek.nl\/wp-content\/uploads\/2025\/01\/swaving-techniek-agrarisch-modulaire-melkstal-04.jpg\"><img loading=\"lazy\" decoding=\"async\" width=\"1920\" height=\"1280\" data-id=\"20025\" src=\"https:\/\/swaving-techniek.nl\/wp-content\/uploads\/2025\/01\/swaving-techniek-agrarisch-modulaire-melkstal-04.jpg\" alt=\"\" class=\"wp-image-20025\" srcset=\"https:\/\/swaving-techniek.nl\/wp-content\/uploads\/2025\/01\/swaving-techniek-agrarisch-modulaire-melkstal-04.jpg 1920w, https:\/\/swaving-techniek.nl\/wp-content\/uploads\/2025\/01\/swaving-techniek-agrarisch-modulaire-melkstal-04-300x200.jpg 300w, https:\/\/swaving-techniek.nl\/wp-content\/uploads\/2025\/01\/swaving-techniek-agrarisch-modulaire-melkstal-04-1024x683.jpg 1024w, https:\/\/swaving-techniek.nl\/wp-content\/uploads\/2025\/01\/swaving-techniek-agrarisch-modulaire-melkstal-04-768x512.jpg 768w, https:\/\/swaving-techniek.nl\/wp-content\/uploads\/2025\/01\/swaving-techniek-agrarisch-modulaire-melkstal-04-1536x1024.jpg 1536w\" sizes=\"auto, (max-width: 1920px) 100vw, 1920px\" \/><\/a><\/figure>\n\n\n\n<figure class=\"wp-block-image size-full\"><a href=\"https:\/\/swaving-techniek.nl\/wp-content\/uploads\/2025\/01\/swaving-techniek-agrarisch-modulaire-melkstal-06.jpg\"><img loading=\"lazy\" decoding=\"async\" width=\"1920\" height=\"1440\" data-id=\"20027\" src=\"https:\/\/swaving-techniek.nl\/wp-content\/uploads\/2025\/01\/swaving-techniek-agrarisch-modulaire-melkstal-06.jpg\" alt=\"\" class=\"wp-image-20027\" srcset=\"https:\/\/swaving-techniek.nl\/wp-content\/uploads\/2025\/01\/swaving-techniek-agrarisch-modulaire-melkstal-06.jpg 1920w, https:\/\/swaving-techniek.nl\/wp-content\/uploads\/2025\/01\/swaving-techniek-agrarisch-modulaire-melkstal-06-300x225.jpg 300w, https:\/\/swaving-techniek.nl\/wp-content\/uploads\/2025\/01\/swaving-techniek-agrarisch-modulaire-melkstal-06-1024x768.jpg 1024w, https:\/\/swaving-techniek.nl\/wp-content\/uploads\/2025\/01\/swaving-techniek-agrarisch-modulaire-melkstal-06-768x576.jpg 768w, https:\/\/swaving-techniek.nl\/wp-content\/uploads\/2025\/01\/swaving-techniek-agrarisch-modulaire-melkstal-06-1536x1152.jpg 1536w\" sizes=\"auto, (max-width: 1920px) 100vw, 1920px\" \/><\/a><\/figure>\n<\/figure>\n\n\n\n<p>Schlie\u00dflich ist zu erw\u00e4hnen, dass dieser modulare Melkstand in der Anschaffung oft g\u00fcnstiger ist, weil insbesondere die Arbeitskosten f\u00fcr die Montage und Installation sowohl in unserer Werkstatt als auch bei Ihnen vor Ort effizienter genutzt werden. Es besteht auch die M\u00f6glichkeit, diesen modularen Melkstand bei uns \u00fcber eine finanzielle Leasingkonstruktion zu erwerben. Dies ist bei den \u201efesten\u201c traditionellen Salons nicht m\u00f6glich.  <\/p>\n\n\n\n<div class=\"wp-block-columns is-layout-flex wp-container-core-columns-is-layout-9d6595d7 wp-block-columns-is-layout-flex\">\n<div class=\"wp-block-column is-layout-flow wp-block-column-is-layout-flow\" style=\"flex-basis:50%\">\n<figure class=\"wp-block-gallery has-nested-images columns-default is-cropped wp-block-gallery-2 is-layout-flex wp-block-gallery-is-layout-flex\">\n<figure class=\"wp-block-image size-large\"><a href=\"https:\/\/swaving-techniek.nl\/wp-content\/uploads\/2025\/11\/Swaving-modulaire-melkstal-20-stands-60gr.-Interpuls-3-1024x744.png\"><img loading=\"lazy\" decoding=\"async\" width=\"1024\" height=\"744\" data-id=\"21140\" src=\"https:\/\/swaving-techniek.nl\/wp-content\/uploads\/2025\/11\/Swaving-modulaire-melkstal-20-stands-60gr.-Interpuls-3-1024x744.png\" alt=\"\" class=\"wp-image-21140\" srcset=\"https:\/\/swaving-techniek.nl\/wp-content\/uploads\/2025\/11\/Swaving-modulaire-melkstal-20-stands-60gr.-Interpuls-3-1024x744.png 1024w, https:\/\/swaving-techniek.nl\/wp-content\/uploads\/2025\/11\/Swaving-modulaire-melkstal-20-stands-60gr.-Interpuls-3-300x218.png 300w, https:\/\/swaving-techniek.nl\/wp-content\/uploads\/2025\/11\/Swaving-modulaire-melkstal-20-stands-60gr.-Interpuls-3-768x558.png 768w, https:\/\/swaving-techniek.nl\/wp-content\/uploads\/2025\/11\/Swaving-modulaire-melkstal-20-stands-60gr.-Interpuls-3.png 1162w\" sizes=\"auto, (max-width: 1024px) 100vw, 1024px\" \/><\/a><\/figure>\n<\/figure>\n<\/div>\n\n\n\n<div class=\"wp-block-column is-layout-flow wp-block-column-is-layout-flow\" style=\"flex-basis:33.33%\">\n<figure class=\"wp-block-image size-large\"><a href=\"https:\/\/swaving-techniek.nl\/wp-content\/uploads\/2025\/11\/swaving-modulaire-melkstal-20-stands-60gr.-Interpuls-4-1024x553.png\"><img loading=\"lazy\" decoding=\"async\" width=\"1024\" height=\"553\" src=\"https:\/\/swaving-techniek.nl\/wp-content\/uploads\/2025\/11\/swaving-modulaire-melkstal-20-stands-60gr.-Interpuls-4-1024x553.png\" alt=\"\" class=\"wp-image-21143\" srcset=\"https:\/\/swaving-techniek.nl\/wp-content\/uploads\/2025\/11\/swaving-modulaire-melkstal-20-stands-60gr.-Interpuls-4-1024x553.png 1024w, https:\/\/swaving-techniek.nl\/wp-content\/uploads\/2025\/11\/swaving-modulaire-melkstal-20-stands-60gr.-Interpuls-4-300x162.png 300w, https:\/\/swaving-techniek.nl\/wp-content\/uploads\/2025\/11\/swaving-modulaire-melkstal-20-stands-60gr.-Interpuls-4-768x415.png 768w, https:\/\/swaving-techniek.nl\/wp-content\/uploads\/2025\/11\/swaving-modulaire-melkstal-20-stands-60gr.-Interpuls-4.png 1404w\" sizes=\"auto, (max-width: 1024px) 100vw, 1024px\" \/><\/a><\/figure>\n\n\n\n<figure class=\"wp-block-image size-large\"><a href=\"https:\/\/swaving-techniek.nl\/wp-content\/uploads\/2025\/01\/swaving-techniek-agrarisch-modulaire-melkstal-beweegbare-vloer-1024x585.png\"><img loading=\"lazy\" decoding=\"async\" width=\"1024\" height=\"585\" src=\"https:\/\/swaving-techniek.nl\/wp-content\/uploads\/2025\/01\/swaving-techniek-agrarisch-modulaire-melkstal-beweegbare-vloer-1024x585.png\" alt=\"\" class=\"wp-image-20030\" srcset=\"https:\/\/swaving-techniek.nl\/wp-content\/uploads\/2025\/01\/swaving-techniek-agrarisch-modulaire-melkstal-beweegbare-vloer-1024x585.png 1024w, https:\/\/swaving-techniek.nl\/wp-content\/uploads\/2025\/01\/swaving-techniek-agrarisch-modulaire-melkstal-beweegbare-vloer-300x171.png 300w, https:\/\/swaving-techniek.nl\/wp-content\/uploads\/2025\/01\/swaving-techniek-agrarisch-modulaire-melkstal-beweegbare-vloer-768x439.png 768w, https:\/\/swaving-techniek.nl\/wp-content\/uploads\/2025\/01\/swaving-techniek-agrarisch-modulaire-melkstal-beweegbare-vloer.png 1440w\" sizes=\"auto, (max-width: 1024px) 100vw, 1024px\" \/><\/a><figcaption class=\"wp-element-caption\">Beweegbare vloer<\/figcaption><\/figure>\n<\/div>\n<\/div>\n\n\n\n<blockquote class=\"wp-block-quote is-layout-flow wp-block-quote-is-layout-flow\">\n<p>Also im Grunde nur Vorteile&#8230;! gibt es auch Nachteile? Nein, eigentlich nicht&#8230;. Zumindest wissen wir nicht, welche!!!!<\/p>\n<\/blockquote>\n\n\n\n<figure class=\"wp-block-gallery has-nested-images columns-4 is-cropped wp-block-gallery-3 is-layout-flex wp-block-gallery-is-layout-flex\">\n<figure class=\"wp-block-image size-full\"><a href=\"https:\/\/swaving-techniek.nl\/wp-content\/uploads\/2025\/01\/swaving-techniek-agrarisch-modulaire-melkstal-01.jpg\"><img loading=\"lazy\" decoding=\"async\" width=\"1920\" height=\"1280\" data-id=\"20022\" src=\"https:\/\/swaving-techniek.nl\/wp-content\/uploads\/2025\/01\/swaving-techniek-agrarisch-modulaire-melkstal-01.jpg\" alt=\"\" class=\"wp-image-20022\" srcset=\"https:\/\/swaving-techniek.nl\/wp-content\/uploads\/2025\/01\/swaving-techniek-agrarisch-modulaire-melkstal-01.jpg 1920w, https:\/\/swaving-techniek.nl\/wp-content\/uploads\/2025\/01\/swaving-techniek-agrarisch-modulaire-melkstal-01-300x200.jpg 300w, https:\/\/swaving-techniek.nl\/wp-content\/uploads\/2025\/01\/swaving-techniek-agrarisch-modulaire-melkstal-01-1024x683.jpg 1024w, https:\/\/swaving-techniek.nl\/wp-content\/uploads\/2025\/01\/swaving-techniek-agrarisch-modulaire-melkstal-01-768x512.jpg 768w, https:\/\/swaving-techniek.nl\/wp-content\/uploads\/2025\/01\/swaving-techniek-agrarisch-modulaire-melkstal-01-1536x1024.jpg 1536w\" sizes=\"auto, (max-width: 1920px) 100vw, 1920px\" \/><\/a><\/figure>\n\n\n\n<figure class=\"wp-block-image size-full\"><a href=\"https:\/\/swaving-techniek.nl\/wp-content\/uploads\/2025\/01\/swaving-techniek-agrarisch-modulaire-melkstal-08.jpg\"><img loading=\"lazy\" decoding=\"async\" width=\"1081\" height=\"1920\" data-id=\"20029\" src=\"https:\/\/swaving-techniek.nl\/wp-content\/uploads\/2025\/01\/swaving-techniek-agrarisch-modulaire-melkstal-08.jpg\" alt=\"\" class=\"wp-image-20029\" srcset=\"https:\/\/swaving-techniek.nl\/wp-content\/uploads\/2025\/01\/swaving-techniek-agrarisch-modulaire-melkstal-08.jpg 1081w, https:\/\/swaving-techniek.nl\/wp-content\/uploads\/2025\/01\/swaving-techniek-agrarisch-modulaire-melkstal-08-169x300.jpg 169w, https:\/\/swaving-techniek.nl\/wp-content\/uploads\/2025\/01\/swaving-techniek-agrarisch-modulaire-melkstal-08-577x1024.jpg 577w, https:\/\/swaving-techniek.nl\/wp-content\/uploads\/2025\/01\/swaving-techniek-agrarisch-modulaire-melkstal-08-768x1364.jpg 768w, https:\/\/swaving-techniek.nl\/wp-content\/uploads\/2025\/01\/swaving-techniek-agrarisch-modulaire-melkstal-08-865x1536.jpg 865w\" sizes=\"auto, (max-width: 1081px) 100vw, 1081px\" \/><\/a><\/figure>\n\n\n\n<figure class=\"wp-block-image size-full\"><a href=\"https:\/\/swaving-techniek.nl\/wp-content\/uploads\/2025\/01\/swaving-techniek-agrarisch-modulaire-melkstal-03.jpg\"><img loading=\"lazy\" decoding=\"async\" width=\"1920\" height=\"1280\" data-id=\"20024\" src=\"https:\/\/swaving-techniek.nl\/wp-content\/uploads\/2025\/01\/swaving-techniek-agrarisch-modulaire-melkstal-03.jpg\" alt=\"\" class=\"wp-image-20024\" srcset=\"https:\/\/swaving-techniek.nl\/wp-content\/uploads\/2025\/01\/swaving-techniek-agrarisch-modulaire-melkstal-03.jpg 1920w, https:\/\/swaving-techniek.nl\/wp-content\/uploads\/2025\/01\/swaving-techniek-agrarisch-modulaire-melkstal-03-300x200.jpg 300w, https:\/\/swaving-techniek.nl\/wp-content\/uploads\/2025\/01\/swaving-techniek-agrarisch-modulaire-melkstal-03-1024x683.jpg 1024w, https:\/\/swaving-techniek.nl\/wp-content\/uploads\/2025\/01\/swaving-techniek-agrarisch-modulaire-melkstal-03-768x512.jpg 768w, https:\/\/swaving-techniek.nl\/wp-content\/uploads\/2025\/01\/swaving-techniek-agrarisch-modulaire-melkstal-03-1536x1024.jpg 1536w\" sizes=\"auto, (max-width: 1920px) 100vw, 1920px\" \/><\/a><\/figure>\n\n\n\n<figure class=\"wp-block-image size-full\"><a href=\"https:\/\/swaving-techniek.nl\/wp-content\/uploads\/2025\/01\/swaving-techniek-agrarisch-modulaire-melkstal-05.jpg\"><img loading=\"lazy\" decoding=\"async\" width=\"1920\" height=\"1440\" data-id=\"20026\" src=\"https:\/\/swaving-techniek.nl\/wp-content\/uploads\/2025\/01\/swaving-techniek-agrarisch-modulaire-melkstal-05.jpg\" alt=\"\" class=\"wp-image-20026\" srcset=\"https:\/\/swaving-techniek.nl\/wp-content\/uploads\/2025\/01\/swaving-techniek-agrarisch-modulaire-melkstal-05.jpg 1920w, https:\/\/swaving-techniek.nl\/wp-content\/uploads\/2025\/01\/swaving-techniek-agrarisch-modulaire-melkstal-05-300x225.jpg 300w, https:\/\/swaving-techniek.nl\/wp-content\/uploads\/2025\/01\/swaving-techniek-agrarisch-modulaire-melkstal-05-1024x768.jpg 1024w, https:\/\/swaving-techniek.nl\/wp-content\/uploads\/2025\/01\/swaving-techniek-agrarisch-modulaire-melkstal-05-768x576.jpg 768w, https:\/\/swaving-techniek.nl\/wp-content\/uploads\/2025\/01\/swaving-techniek-agrarisch-modulaire-melkstal-05-1536x1152.jpg 1536w\" sizes=\"auto, (max-width: 1920px) 100vw, 1920px\" \/><\/a><\/figure>\n\n\n\n<figure class=\"wp-block-image size-full\"><a href=\"https:\/\/swaving-techniek.nl\/wp-content\/uploads\/2025\/01\/swaving-techniek-agrarisch-modulaire-melkstal-07.jpg\"><img loading=\"lazy\" decoding=\"async\" width=\"1440\" height=\"1920\" data-id=\"20028\" src=\"https:\/\/swaving-techniek.nl\/wp-content\/uploads\/2025\/01\/swaving-techniek-agrarisch-modulaire-melkstal-07.jpg\" alt=\"\" class=\"wp-image-20028\" srcset=\"https:\/\/swaving-techniek.nl\/wp-content\/uploads\/2025\/01\/swaving-techniek-agrarisch-modulaire-melkstal-07.jpg 1440w, https:\/\/swaving-techniek.nl\/wp-content\/uploads\/2025\/01\/swaving-techniek-agrarisch-modulaire-melkstal-07-225x300.jpg 225w, https:\/\/swaving-techniek.nl\/wp-content\/uploads\/2025\/01\/swaving-techniek-agrarisch-modulaire-melkstal-07-768x1024.jpg 768w, https:\/\/swaving-techniek.nl\/wp-content\/uploads\/2025\/01\/swaving-techniek-agrarisch-modulaire-melkstal-07-1152x1536.jpg 1152w\" sizes=\"auto, (max-width: 1440px) 100vw, 1440px\" \/><\/a><\/figure>\n\n\n\n<figure class=\"wp-block-image size-full\"><a href=\"https:\/\/swaving-techniek.nl\/wp-content\/uploads\/2025\/11\/swaving-modulaire-melkstal-20-stands-60gr.-Interpuls-5.jpg\"><img loading=\"lazy\" decoding=\"async\" width=\"1404\" height=\"844\" data-id=\"21146\" src=\"https:\/\/swaving-techniek.nl\/wp-content\/uploads\/2025\/11\/swaving-modulaire-melkstal-20-stands-60gr.-Interpuls-5.jpg\" alt=\"\" class=\"wp-image-21146\" srcset=\"https:\/\/swaving-techniek.nl\/wp-content\/uploads\/2025\/11\/swaving-modulaire-melkstal-20-stands-60gr.-Interpuls-5.jpg 1404w, https:\/\/swaving-techniek.nl\/wp-content\/uploads\/2025\/11\/swaving-modulaire-melkstal-20-stands-60gr.-Interpuls-5-300x180.jpg 300w, https:\/\/swaving-techniek.nl\/wp-content\/uploads\/2025\/11\/swaving-modulaire-melkstal-20-stands-60gr.-Interpuls-5-1024x616.jpg 1024w, https:\/\/swaving-techniek.nl\/wp-content\/uploads\/2025\/11\/swaving-modulaire-melkstal-20-stands-60gr.-Interpuls-5-768x462.jpg 768w\" sizes=\"auto, (max-width: 1404px) 100vw, 1404px\" \/><\/a><\/figure>\n\n\n\n<figure class=\"wp-block-image size-full\"><a href=\"https:\/\/swaving-techniek.nl\/wp-content\/uploads\/2025\/11\/swaving-modulaire-melkstal-Foto-6.jpg\"><img loading=\"lazy\" decoding=\"async\" width=\"1636\" height=\"844\" data-id=\"21167\" src=\"https:\/\/swaving-techniek.nl\/wp-content\/uploads\/2025\/11\/swaving-modulaire-melkstal-Foto-6.jpg\" alt=\"\" class=\"wp-image-21167\" srcset=\"https:\/\/swaving-techniek.nl\/wp-content\/uploads\/2025\/11\/swaving-modulaire-melkstal-Foto-6.jpg 1636w, https:\/\/swaving-techniek.nl\/wp-content\/uploads\/2025\/11\/swaving-modulaire-melkstal-Foto-6-300x155.jpg 300w, https:\/\/swaving-techniek.nl\/wp-content\/uploads\/2025\/11\/swaving-modulaire-melkstal-Foto-6-1024x528.jpg 1024w, https:\/\/swaving-techniek.nl\/wp-content\/uploads\/2025\/11\/swaving-modulaire-melkstal-Foto-6-768x396.jpg 768w, https:\/\/swaving-techniek.nl\/wp-content\/uploads\/2025\/11\/swaving-modulaire-melkstal-Foto-6-1536x792.jpg 1536w\" sizes=\"auto, (max-width: 1636px) 100vw, 1636px\" \/><\/a><\/figure>\n<\/figure>\n","protected":false},"excerpt":{"rendered":"<p>Unser modularer Melkstand ist ein sehr robuster und komplett verzinkter Rahmen. In dieses Gestell kann jede beliebige Melktechnik eingebaut werden. Sie k\u00f6nnen also auch Ihren bisherigen Serviceh\u00e4ndler nutzen. Wir sind nicht von einer bestimmten Marke von Melkmaschinen abh\u00e4ngig. Unser modularer Melkstand ist ein vollwertiger Melkstand und kann mit einem traditionellen &#8218;festen&#8216; Melkstand verglichen werden, aber&hellip;<\/p>\n","protected":false},"author":1,"featured_media":20664,"parent":20897,"menu_order":0,"comment_status":"closed","ping_status":"closed","template":"","meta":{"_acf_changed":false,"footnotes":""},"class_list":["post-20970","page","type-page","status-publish","has-post-thumbnail","hentry"],"acf":[],"_links":{"self":[{"href":"https:\/\/swaving-techniek.nl\/de\/wp-json\/wp\/v2\/pages\/20970","targetHints":{"allow":["GET"]}}],"collection":[{"href":"https:\/\/swaving-techniek.nl\/de\/wp-json\/wp\/v2\/pages"}],"about":[{"href":"https:\/\/swaving-techniek.nl\/de\/wp-json\/wp\/v2\/types\/page"}],"author":[{"embeddable":true,"href":"https:\/\/swaving-techniek.nl\/de\/wp-json\/wp\/v2\/users\/1"}],"replies":[{"embeddable":true,"href":"https:\/\/swaving-techniek.nl\/de\/wp-json\/wp\/v2\/comments?post=20970"}],"version-history":[{"count":3,"href":"https:\/\/swaving-techniek.nl\/de\/wp-json\/wp\/v2\/pages\/20970\/revisions"}],"predecessor-version":[{"id":21211,"href":"https:\/\/swaving-techniek.nl\/de\/wp-json\/wp\/v2\/pages\/20970\/revisions\/21211"}],"up":[{"embeddable":true,"href":"https:\/\/swaving-techniek.nl\/de\/wp-json\/wp\/v2\/pages\/20897"}],"wp:featuredmedia":[{"embeddable":true,"href":"https:\/\/swaving-techniek.nl\/de\/wp-json\/wp\/v2\/media\/20664"}],"wp:attachment":[{"href":"https:\/\/swaving-techniek.nl\/de\/wp-json\/wp\/v2\/media?parent=20970"}],"curies":[{"name":"wp","href":"https:\/\/api.w.org\/{rel}","templated":true}]}}