{"id":20972,"date":"2025-01-21T11:40:42","date_gmt":"2025-01-21T11:40:42","guid":{"rendered":"https:\/\/swaving-techniek.nl\/losungen-in-der-landtechnik\/produkte\/melkstand\/"},"modified":"2025-11-10T07:46:35","modified_gmt":"2025-11-10T07:46:35","slug":"melkstand","status":"publish","type":"page","link":"https:\/\/swaving-techniek.nl\/de\/losungen-in-der-landtechnik\/produkte\/melkstand\/","title":{"rendered":"Melkstand"},"content":{"rendered":"\n<h2 class=\"wp-block-heading\">Optionen f\u00fcr Melkst\u00e4nde<\/h2>\n\n\n\n<ul class=\"wp-block-list\">\n<li>Traditionelle Melkst\u00e4nde<\/li>\n\n\n\n<li><a href=\"https:\/\/swaving-techniek.nl\/de\/losungen-in-der-landtechnik\/produkte\/modularer-melkstand\/\" data-type=\"page\" data-id=\"19898\">Modulare Melkst\u00e4nde<\/a><\/li>\n\n\n\n<li><a href=\"https:\/\/swaving-techniek.nl\/de\/losungen-in-der-landtechnik\/produkte\/mobile-melkanlage\/\" data-type=\"page\" data-id=\"20956\">Mobile Melkst\u00e4nde<\/a><\/li>\n\n\n\n<li>Alle Arten von Konsolensystemen von 30 bis 90 Grad<\/li>\n\n\n\n<li>Schneller Wechsel, schneller Ausstieg<\/li>\n<\/ul>\n\n\n\n<p>Von sehr einfachen Konstruktionen bis hin zu kompletten Melkst\u00e4nden ist alles m\u00f6glich. In unserem Unternehmen verf\u00fcgen wir \u00fcber das Wissen, um Ihren Auftrag von Anfang bis Ende zum Erfolg zu f\u00fchren. Wir arbeiten zum Beispiel t\u00e4glich mit vielen Arten von Technik. Denken Sie an Hydraulik, Pneumatik, Elektronik und nat\u00fcrlich auch Melktechnik. Dadurch sind wir in der Lage, Ihnen fast immer eine passende L\u00f6sung anzubieten.<\/p>\n\n\n\n<figure class=\"wp-block-gallery has-nested-images columns-default is-cropped wp-block-gallery-1 is-layout-flex wp-block-gallery-is-layout-flex\">\n<figure class=\"wp-block-image size-full\"><a href=\"https:\/\/swaving-techniek.nl\/wp-content\/uploads\/2025\/04\/swaving-techniek-melkstal-01.jpg\"><img loading=\"lazy\" decoding=\"async\" width=\"1920\" height=\"1080\" data-id=\"20489\" src=\"https:\/\/swaving-techniek.nl\/wp-content\/uploads\/2025\/04\/swaving-techniek-melkstal-01.jpg\" alt=\"\" class=\"wp-image-20489\" srcset=\"https:\/\/swaving-techniek.nl\/wp-content\/uploads\/2025\/04\/swaving-techniek-melkstal-01.jpg 1920w, https:\/\/swaving-techniek.nl\/wp-content\/uploads\/2025\/04\/swaving-techniek-melkstal-01-300x169.jpg 300w, https:\/\/swaving-techniek.nl\/wp-content\/uploads\/2025\/04\/swaving-techniek-melkstal-01-1024x576.jpg 1024w, https:\/\/swaving-techniek.nl\/wp-content\/uploads\/2025\/04\/swaving-techniek-melkstal-01-768x432.jpg 768w, https:\/\/swaving-techniek.nl\/wp-content\/uploads\/2025\/04\/swaving-techniek-melkstal-01-1536x864.jpg 1536w\" sizes=\"auto, (max-width: 1920px) 100vw, 1920px\" \/><\/a><\/figure>\n\n\n\n<figure class=\"wp-block-image size-full\"><a href=\"https:\/\/swaving-techniek.nl\/wp-content\/uploads\/2025\/01\/swaving-agrarisch-home-01.jpg\"><img loading=\"lazy\" decoding=\"async\" width=\"1600\" height=\"1000\" data-id=\"20400\" src=\"https:\/\/swaving-techniek.nl\/wp-content\/uploads\/2025\/01\/swaving-agrarisch-home-01.jpg\" alt=\"\" class=\"wp-image-20400\" srcset=\"https:\/\/swaving-techniek.nl\/wp-content\/uploads\/2025\/01\/swaving-agrarisch-home-01.jpg 1600w, https:\/\/swaving-techniek.nl\/wp-content\/uploads\/2025\/01\/swaving-agrarisch-home-01-300x188.jpg 300w, https:\/\/swaving-techniek.nl\/wp-content\/uploads\/2025\/01\/swaving-agrarisch-home-01-1024x640.jpg 1024w, https:\/\/swaving-techniek.nl\/wp-content\/uploads\/2025\/01\/swaving-agrarisch-home-01-768x480.jpg 768w, https:\/\/swaving-techniek.nl\/wp-content\/uploads\/2025\/01\/swaving-agrarisch-home-01-1536x960.jpg 1536w\" sizes=\"auto, (max-width: 1600px) 100vw, 1600px\" \/><\/a><\/figure>\n\n\n\n<figure class=\"wp-block-image size-full\"><a href=\"https:\/\/swaving-techniek.nl\/wp-content\/uploads\/2025\/01\/swaving-techniek-agrarisch-modulaire-melkstal-01.jpg\"><img loading=\"lazy\" decoding=\"async\" width=\"1920\" height=\"1280\" data-id=\"20022\" src=\"https:\/\/swaving-techniek.nl\/wp-content\/uploads\/2025\/01\/swaving-techniek-agrarisch-modulaire-melkstal-01.jpg\" alt=\"\" class=\"wp-image-20022\" srcset=\"https:\/\/swaving-techniek.nl\/wp-content\/uploads\/2025\/01\/swaving-techniek-agrarisch-modulaire-melkstal-01.jpg 1920w, https:\/\/swaving-techniek.nl\/wp-content\/uploads\/2025\/01\/swaving-techniek-agrarisch-modulaire-melkstal-01-300x200.jpg 300w, https:\/\/swaving-techniek.nl\/wp-content\/uploads\/2025\/01\/swaving-techniek-agrarisch-modulaire-melkstal-01-1024x683.jpg 1024w, https:\/\/swaving-techniek.nl\/wp-content\/uploads\/2025\/01\/swaving-techniek-agrarisch-modulaire-melkstal-01-768x512.jpg 768w, https:\/\/swaving-techniek.nl\/wp-content\/uploads\/2025\/01\/swaving-techniek-agrarisch-modulaire-melkstal-01-1536x1024.jpg 1536w\" sizes=\"auto, (max-width: 1920px) 100vw, 1920px\" \/><\/a><\/figure>\n<\/figure>\n\n\n\n<p>Der gesamte Prozess findet in unserer eigenen Fabrik statt. Von der technischen Zeichnung \u00fcber die Lieferung bis hin zur Montage des Produkts bei Ihnen vor Ort.  Wir haben gerne die Kontrolle.<\/p>\n\n\n\n<h2 class=\"wp-block-heading\">Eine perfekte L\u00f6sung<\/h2>\n\n\n\n<p>Ob es sich um die Renovierung Ihres Melkstandes, die Verk\u00fcrzung der Melkzeit oder die Wahl zwischen Roboter- und traditionellem Melken (einschlie\u00dflich des \u00dcberdenkens des traditionellen Melkens) handelt, wir bieten eine perfekte L\u00f6sung, die in 99 % der F\u00e4lle auch finanziell g\u00fcnstiger ist.<\/p>\n\n\n\n<div class=\"wp-block-columns is-layout-flex wp-container-core-columns-is-layout-9d6595d7 wp-block-columns-is-layout-flex\">\n<div class=\"wp-block-column is-layout-flow wp-block-column-is-layout-flow\" style=\"flex-basis:45%\">\n<figure class=\"wp-block-image size-large\"><a href=\"https:\/\/swaving-techniek.nl\/wp-content\/uploads\/2025\/11\/swaving-modulaire-melkstal-oplossing-voor-renovatie-carrousel-Assembly-V3-1.png\"><img loading=\"lazy\" decoding=\"async\" width=\"821\" height=\"844\" src=\"https:\/\/swaving-techniek.nl\/wp-content\/uploads\/2025\/11\/swaving-modulaire-melkstal-oplossing-voor-renovatie-carrousel-Assembly-V3-1.png\" alt=\"\" class=\"wp-image-21173\" srcset=\"https:\/\/swaving-techniek.nl\/wp-content\/uploads\/2025\/11\/swaving-modulaire-melkstal-oplossing-voor-renovatie-carrousel-Assembly-V3-1.png 821w, https:\/\/swaving-techniek.nl\/wp-content\/uploads\/2025\/11\/swaving-modulaire-melkstal-oplossing-voor-renovatie-carrousel-Assembly-V3-1-292x300.png 292w, https:\/\/swaving-techniek.nl\/wp-content\/uploads\/2025\/11\/swaving-modulaire-melkstal-oplossing-voor-renovatie-carrousel-Assembly-V3-1-768x790.png 768w\" sizes=\"auto, (max-width: 821px) 100vw, 821px\" \/><\/a><\/figure>\n<\/div>\n\n\n\n<div class=\"wp-block-column is-layout-flow wp-block-column-is-layout-flow\" style=\"flex-basis:66.66%\">\n<figure class=\"wp-block-image size-large\"><a href=\"https:\/\/swaving-techniek.nl\/wp-content\/uploads\/2025\/11\/swaving-modulaire-melkstal-oplossing-voor-renovatie-carrousel-Assembly-V3-2-1024x633.png\"><img loading=\"lazy\" decoding=\"async\" width=\"1024\" height=\"633\" src=\"https:\/\/swaving-techniek.nl\/wp-content\/uploads\/2025\/11\/swaving-modulaire-melkstal-oplossing-voor-renovatie-carrousel-Assembly-V3-2-1024x633.png\" alt=\"\" class=\"wp-image-21176\" srcset=\"https:\/\/swaving-techniek.nl\/wp-content\/uploads\/2025\/11\/swaving-modulaire-melkstal-oplossing-voor-renovatie-carrousel-Assembly-V3-2-1024x633.png 1024w, https:\/\/swaving-techniek.nl\/wp-content\/uploads\/2025\/11\/swaving-modulaire-melkstal-oplossing-voor-renovatie-carrousel-Assembly-V3-2-300x185.png 300w, https:\/\/swaving-techniek.nl\/wp-content\/uploads\/2025\/11\/swaving-modulaire-melkstal-oplossing-voor-renovatie-carrousel-Assembly-V3-2-768x475.png 768w, https:\/\/swaving-techniek.nl\/wp-content\/uploads\/2025\/11\/swaving-modulaire-melkstal-oplossing-voor-renovatie-carrousel-Assembly-V3-2.png 1365w\" sizes=\"auto, (max-width: 1024px) 100vw, 1024px\" \/><\/a><\/figure>\n<\/div>\n<\/div>\n\n\n\n<p>Ein entscheidender Vorteil unserer Produkte ist, dass in vielen F\u00e4llen kein neuer Zulassungsprozess erforderlich ist. Wir suchen immer in enger Zusammenarbeit mit Ihnen nach innerbetrieblichen L\u00f6sungen. Dar\u00fcber hinaus k\u00f6nnen Sie Ihren Melkstand ganz nach Ihren Vorstellungen konfigurieren, wir sorgen f\u00fcr die passende Umsetzung.   <\/p>\n\n\n\n<blockquote class=\"wp-block-quote is-layout-flow wp-block-quote-is-layout-flow\">\n<p>Sowohl bei Neubauten als auch bei Renovierungen koordinieren wir den gesamten Prozess von Anfang bis Ende.<\/p>\n<\/blockquote>\n","protected":false},"excerpt":{"rendered":"<p>Optionen f\u00fcr Melkst\u00e4nde Von sehr einfachen Konstruktionen bis hin zu kompletten Melkst\u00e4nden ist alles m\u00f6glich. In unserem Unternehmen verf\u00fcgen wir \u00fcber das Wissen, um Ihren Auftrag von Anfang bis Ende zum Erfolg zu f\u00fchren. Wir arbeiten zum Beispiel t\u00e4glich mit vielen Arten von Technik. Denken Sie an Hydraulik, Pneumatik, Elektronik und nat\u00fcrlich auch Melktechnik. Dadurch&hellip;<\/p>\n","protected":false},"author":1,"featured_media":20612,"parent":20897,"menu_order":0,"comment_status":"closed","ping_status":"closed","template":"","meta":{"_acf_changed":false,"footnotes":""},"class_list":["post-20972","page","type-page","status-publish","has-post-thumbnail","hentry"],"acf":[],"_links":{"self":[{"href":"https:\/\/swaving-techniek.nl\/de\/wp-json\/wp\/v2\/pages\/20972","targetHints":{"allow":["GET"]}}],"collection":[{"href":"https:\/\/swaving-techniek.nl\/de\/wp-json\/wp\/v2\/pages"}],"about":[{"href":"https:\/\/swaving-techniek.nl\/de\/wp-json\/wp\/v2\/types\/page"}],"author":[{"embeddable":true,"href":"https:\/\/swaving-techniek.nl\/de\/wp-json\/wp\/v2\/users\/1"}],"replies":[{"embeddable":true,"href":"https:\/\/swaving-techniek.nl\/de\/wp-json\/wp\/v2\/comments?post=20972"}],"version-history":[{"count":4,"href":"https:\/\/swaving-techniek.nl\/de\/wp-json\/wp\/v2\/pages\/20972\/revisions"}],"predecessor-version":[{"id":21206,"href":"https:\/\/swaving-techniek.nl\/de\/wp-json\/wp\/v2\/pages\/20972\/revisions\/21206"}],"up":[{"embeddable":true,"href":"https:\/\/swaving-techniek.nl\/de\/wp-json\/wp\/v2\/pages\/20897"}],"wp:featuredmedia":[{"embeddable":true,"href":"https:\/\/swaving-techniek.nl\/de\/wp-json\/wp\/v2\/media\/20612"}],"wp:attachment":[{"href":"https:\/\/swaving-techniek.nl\/de\/wp-json\/wp\/v2\/media?parent=20972"}],"curies":[{"name":"wp","href":"https:\/\/api.w.org\/{rel}","templated":true}]}}