{"id":20974,"date":"2025-01-21T11:41:05","date_gmt":"2025-01-21T11:41:05","guid":{"rendered":"https:\/\/swaving-techniek.nl\/losungen-in-der-landtechnik\/produkte\/bruecken\/"},"modified":"2025-05-08T15:11:39","modified_gmt":"2025-05-08T15:11:39","slug":"bruecken","status":"publish","type":"page","link":"https:\/\/swaving-techniek.nl\/de\/losungen-in-der-landtechnik\/produkte\/bruecken\/","title":{"rendered":"Br\u00fccken"},"content":{"rendered":"\n<p>Swaving Techniek &amp; Constructie entlastet Sie mit einem Komplettpaket f\u00fcr Ihren Stall. Dazu geh\u00f6ren unsere ma\u00dfgefertigten Br\u00fccken, wie z.B. hydraulische Br\u00fccken, Futtergangbr\u00fccken und andere Konstruktionen, die wir vollst\u00e4ndig auf Ihre speziellen Bed\u00fcrfnisse abstimmen.  <\/p>\n\n<p>F\u00fcr weitere Informationen oder Fragen k\u00f6nnen Sie uns gerne <a href=\"https:\/\/swaving-techniek.nl\/de\/kontakt\/\">kontaktieren.<\/a><\/p>\n\n<figure class=\"wp-block-gallery has-nested-images columns-default is-cropped wp-block-gallery-1 is-layout-flex wp-block-gallery-is-layout-flex\">\n<figure class=\"wp-block-image size-large\"><img loading=\"lazy\" decoding=\"async\" width=\"768\" height=\"1024\" data-id=\"20484\" src=\"https:\/\/swaving-techniek.nl\/wp-content\/uploads\/2025\/04\/swaving-techniek-bruggen-02-768x1024.jpg\" alt=\"\" class=\"wp-image-20484\" srcset=\"https:\/\/swaving-techniek.nl\/wp-content\/uploads\/2025\/04\/swaving-techniek-bruggen-02-768x1024.jpg 768w, https:\/\/swaving-techniek.nl\/wp-content\/uploads\/2025\/04\/swaving-techniek-bruggen-02-225x300.jpg 225w, https:\/\/swaving-techniek.nl\/wp-content\/uploads\/2025\/04\/swaving-techniek-bruggen-02-1152x1536.jpg 1152w, https:\/\/swaving-techniek.nl\/wp-content\/uploads\/2025\/04\/swaving-techniek-bruggen-02.jpg 1200w\" sizes=\"auto, (max-width: 768px) 100vw, 768px\" \/><\/figure>\n\n\n\n<figure class=\"wp-block-image size-large\"><img loading=\"lazy\" decoding=\"async\" width=\"1024\" height=\"576\" data-id=\"20485\" src=\"https:\/\/swaving-techniek.nl\/wp-content\/uploads\/2025\/04\/swaving-techniek-bruggen-01-1024x576.jpg\" alt=\"\" class=\"wp-image-20485\" srcset=\"https:\/\/swaving-techniek.nl\/wp-content\/uploads\/2025\/04\/swaving-techniek-bruggen-01-1024x576.jpg 1024w, https:\/\/swaving-techniek.nl\/wp-content\/uploads\/2025\/04\/swaving-techniek-bruggen-01-300x169.jpg 300w, https:\/\/swaving-techniek.nl\/wp-content\/uploads\/2025\/04\/swaving-techniek-bruggen-01-768x432.jpg 768w, https:\/\/swaving-techniek.nl\/wp-content\/uploads\/2025\/04\/swaving-techniek-bruggen-01-1536x864.jpg 1536w, https:\/\/swaving-techniek.nl\/wp-content\/uploads\/2025\/04\/swaving-techniek-bruggen-01.jpg 1920w\" sizes=\"auto, (max-width: 1024px) 100vw, 1024px\" \/><\/figure>\n<\/figure>\n","protected":false},"excerpt":{"rendered":"<p>Swaving Techniek &amp; Constructie entlastet Sie mit einem Komplettpaket f\u00fcr Ihren Stall. Dazu geh\u00f6ren unsere ma\u00dfgefertigten Br\u00fccken, wie z.B. hydraulische Br\u00fccken, Futtergangbr\u00fccken und andere Konstruktionen, die wir vollst\u00e4ndig auf Ihre speziellen Bed\u00fcrfnisse abstimmen. F\u00fcr weitere Informationen oder Fragen k\u00f6nnen Sie uns gerne kontaktieren.<\/p>\n","protected":false},"author":1,"featured_media":20776,"parent":20897,"menu_order":0,"comment_status":"closed","ping_status":"closed","template":"","meta":{"_acf_changed":false,"footnotes":""},"class_list":["post-20974","page","type-page","status-publish","has-post-thumbnail","hentry"],"acf":[],"_links":{"self":[{"href":"https:\/\/swaving-techniek.nl\/de\/wp-json\/wp\/v2\/pages\/20974","targetHints":{"allow":["GET"]}}],"collection":[{"href":"https:\/\/swaving-techniek.nl\/de\/wp-json\/wp\/v2\/pages"}],"about":[{"href":"https:\/\/swaving-techniek.nl\/de\/wp-json\/wp\/v2\/types\/page"}],"author":[{"embeddable":true,"href":"https:\/\/swaving-techniek.nl\/de\/wp-json\/wp\/v2\/users\/1"}],"replies":[{"embeddable":true,"href":"https:\/\/swaving-techniek.nl\/de\/wp-json\/wp\/v2\/comments?post=20974"}],"version-history":[{"count":1,"href":"https:\/\/swaving-techniek.nl\/de\/wp-json\/wp\/v2\/pages\/20974\/revisions"}],"predecessor-version":[{"id":20975,"href":"https:\/\/swaving-techniek.nl\/de\/wp-json\/wp\/v2\/pages\/20974\/revisions\/20975"}],"up":[{"embeddable":true,"href":"https:\/\/swaving-techniek.nl\/de\/wp-json\/wp\/v2\/pages\/20897"}],"wp:featuredmedia":[{"embeddable":true,"href":"https:\/\/swaving-techniek.nl\/de\/wp-json\/wp\/v2\/media\/20776"}],"wp:attachment":[{"href":"https:\/\/swaving-techniek.nl\/de\/wp-json\/wp\/v2\/media?parent=20974"}],"curies":[{"name":"wp","href":"https:\/\/api.w.org\/{rel}","templated":true}]}}