{"id":20976,"date":"2025-01-21T11:40:55","date_gmt":"2025-01-21T11:40:55","guid":{"rendered":"https:\/\/swaving-techniek.nl\/losungen-in-der-landtechnik\/produkte\/bewegliche-boeden\/"},"modified":"2025-05-08T15:12:12","modified_gmt":"2025-05-08T15:12:12","slug":"bewegliche-boeden","status":"publish","type":"page","link":"https:\/\/swaving-techniek.nl\/de\/losungen-in-der-landtechnik\/produkte\/bewegliche-boeden\/","title":{"rendered":"Bewegliche B\u00f6den"},"content":{"rendered":"\n<p>Swaving Techniek &amp; Constructie bietet Ihnen das komplette Paket f\u00fcr Ihren Stall, einschlie\u00dflich beweglicher B\u00f6den. Diese werden komplett nach Ma\u00df und nach Ihren spezifischen W\u00fcnschen gefertigt. <\/p>\n\n<p>F\u00fcr weitere Informationen oder Fragen k\u00f6nnen Sie uns gerne <a href=\"https:\/\/swaving-techniek.nl\/de\/kontakt\/\">kontaktieren.<\/a><\/p>\n\n<figure class=\"wp-block-gallery has-nested-images columns-default is-cropped wp-block-gallery-1 is-layout-flex wp-block-gallery-is-layout-flex\">\n<figure class=\"wp-block-image size-full\"><a href=\"https:\/\/swaving-techniek.nl\/wp-content\/uploads\/2025\/04\/swaving-techniek-beweegbare-vloeren-01_web.jpg\"><img loading=\"lazy\" decoding=\"async\" width=\"1920\" height=\"1080\" data-id=\"20476\" src=\"https:\/\/swaving-techniek.nl\/wp-content\/uploads\/2025\/04\/swaving-techniek-beweegbare-vloeren-01_web.jpg\" alt=\"\" class=\"wp-image-20476\" srcset=\"https:\/\/swaving-techniek.nl\/wp-content\/uploads\/2025\/04\/swaving-techniek-beweegbare-vloeren-01_web.jpg 1920w, https:\/\/swaving-techniek.nl\/wp-content\/uploads\/2025\/04\/swaving-techniek-beweegbare-vloeren-01_web-300x169.jpg 300w, https:\/\/swaving-techniek.nl\/wp-content\/uploads\/2025\/04\/swaving-techniek-beweegbare-vloeren-01_web-1024x576.jpg 1024w, https:\/\/swaving-techniek.nl\/wp-content\/uploads\/2025\/04\/swaving-techniek-beweegbare-vloeren-01_web-768x432.jpg 768w, https:\/\/swaving-techniek.nl\/wp-content\/uploads\/2025\/04\/swaving-techniek-beweegbare-vloeren-01_web-1536x864.jpg 1536w\" sizes=\"auto, (max-width: 1920px) 100vw, 1920px\" \/><\/a><\/figure>\n\n\n\n<figure class=\"wp-block-image size-full\"><a href=\"https:\/\/swaving-techniek.nl\/wp-content\/uploads\/2025\/04\/swaving-techniek-beweegbare-vloeren-02_web.jpg\"><img loading=\"lazy\" decoding=\"async\" width=\"1200\" height=\"1600\" data-id=\"20477\" src=\"https:\/\/swaving-techniek.nl\/wp-content\/uploads\/2025\/04\/swaving-techniek-beweegbare-vloeren-02_web.jpg\" alt=\"\" class=\"wp-image-20477\" srcset=\"https:\/\/swaving-techniek.nl\/wp-content\/uploads\/2025\/04\/swaving-techniek-beweegbare-vloeren-02_web.jpg 1200w, https:\/\/swaving-techniek.nl\/wp-content\/uploads\/2025\/04\/swaving-techniek-beweegbare-vloeren-02_web-225x300.jpg 225w, https:\/\/swaving-techniek.nl\/wp-content\/uploads\/2025\/04\/swaving-techniek-beweegbare-vloeren-02_web-768x1024.jpg 768w, https:\/\/swaving-techniek.nl\/wp-content\/uploads\/2025\/04\/swaving-techniek-beweegbare-vloeren-02_web-1152x1536.jpg 1152w\" sizes=\"auto, (max-width: 1200px) 100vw, 1200px\" \/><\/a><\/figure>\n<\/figure>\n","protected":false},"excerpt":{"rendered":"<p>Swaving Techniek &amp; Constructie bietet Ihnen das komplette Paket f\u00fcr Ihren Stall, einschlie\u00dflich beweglicher B\u00f6den. Diese werden komplett nach Ma\u00df und nach Ihren spezifischen W\u00fcnschen gefertigt. F\u00fcr weitere Informationen oder Fragen k\u00f6nnen Sie uns gerne kontaktieren.<\/p>\n","protected":false},"author":1,"featured_media":20770,"parent":20897,"menu_order":0,"comment_status":"closed","ping_status":"closed","template":"","meta":{"_acf_changed":false,"footnotes":""},"class_list":["post-20976","page","type-page","status-publish","has-post-thumbnail","hentry"],"acf":[],"_links":{"self":[{"href":"https:\/\/swaving-techniek.nl\/de\/wp-json\/wp\/v2\/pages\/20976","targetHints":{"allow":["GET"]}}],"collection":[{"href":"https:\/\/swaving-techniek.nl\/de\/wp-json\/wp\/v2\/pages"}],"about":[{"href":"https:\/\/swaving-techniek.nl\/de\/wp-json\/wp\/v2\/types\/page"}],"author":[{"embeddable":true,"href":"https:\/\/swaving-techniek.nl\/de\/wp-json\/wp\/v2\/users\/1"}],"replies":[{"embeddable":true,"href":"https:\/\/swaving-techniek.nl\/de\/wp-json\/wp\/v2\/comments?post=20976"}],"version-history":[{"count":1,"href":"https:\/\/swaving-techniek.nl\/de\/wp-json\/wp\/v2\/pages\/20976\/revisions"}],"predecessor-version":[{"id":20977,"href":"https:\/\/swaving-techniek.nl\/de\/wp-json\/wp\/v2\/pages\/20976\/revisions\/20977"}],"up":[{"embeddable":true,"href":"https:\/\/swaving-techniek.nl\/de\/wp-json\/wp\/v2\/pages\/20897"}],"wp:featuredmedia":[{"embeddable":true,"href":"https:\/\/swaving-techniek.nl\/de\/wp-json\/wp\/v2\/media\/20770"}],"wp:attachment":[{"href":"https:\/\/swaving-techniek.nl\/de\/wp-json\/wp\/v2\/media?parent=20976"}],"curies":[{"name":"wp","href":"https:\/\/api.w.org\/{rel}","templated":true}]}}