{"id":20980,"date":"2025-03-25T09:49:39","date_gmt":"2025-03-25T09:49:39","guid":{"rendered":"https:\/\/swaving-techniek.nl\/massgeschneiderte-loesungen\/"},"modified":"2025-05-08T15:13:46","modified_gmt":"2025-05-08T15:13:46","slug":"massgeschneiderte-loesungen","status":"publish","type":"page","link":"https:\/\/swaving-techniek.nl\/de\/massgeschneiderte-loesungen\/","title":{"rendered":"Ma\u00dfgeschneiderte L\u00f6sungen"},"content":{"rendered":"\n<p>Swaving construction &amp; building mit Sitz in Sappermeer bietet ma\u00dfgeschneiderte Baul\u00f6sungen f\u00fcr eine breite Palette von Projekten, von gro\u00dfen St\u00e4llen und Schuppen bis hin zu kleineren, spezifischen Konstruktionen. Wir entwerfen und realisieren L\u00f6sungen, die vollst\u00e4ndig auf Ihre individuellen Bed\u00fcrfnisse und Anforderungen zugeschnitten sind, unabh\u00e4ngig von der Gr\u00f6\u00dfe oder Komplexit\u00e4t des Projekts. <\/p>\n\n<figure class=\"wp-block-gallery has-nested-images columns-3 is-cropped wp-block-gallery-1 is-layout-flex wp-block-gallery-is-layout-flex\">\n<figure class=\"wp-block-image size-full\"><a href=\"https:\/\/swaving-techniek.nl\/wp-content\/uploads\/2025\/04\/swaving-constructie-werken-05.jpg\"><img loading=\"lazy\" decoding=\"async\" width=\"2048\" height=\"1536\" data-id=\"20439\" src=\"https:\/\/swaving-techniek.nl\/wp-content\/uploads\/2025\/04\/swaving-constructie-werken-05.jpg\" alt=\"\" class=\"wp-image-20439\" srcset=\"https:\/\/swaving-techniek.nl\/wp-content\/uploads\/2025\/04\/swaving-constructie-werken-05.jpg 2048w, https:\/\/swaving-techniek.nl\/wp-content\/uploads\/2025\/04\/swaving-constructie-werken-05-300x225.jpg 300w, https:\/\/swaving-techniek.nl\/wp-content\/uploads\/2025\/04\/swaving-constructie-werken-05-1024x768.jpg 1024w, https:\/\/swaving-techniek.nl\/wp-content\/uploads\/2025\/04\/swaving-constructie-werken-05-768x576.jpg 768w, https:\/\/swaving-techniek.nl\/wp-content\/uploads\/2025\/04\/swaving-constructie-werken-05-1536x1152.jpg 1536w\" sizes=\"auto, (max-width: 2048px) 100vw, 2048px\" \/><\/a><\/figure>\n\n\n\n<figure class=\"wp-block-image size-full\"><a href=\"https:\/\/swaving-techniek.nl\/wp-content\/uploads\/2025\/01\/swaving-constructie-bouw-beeld-bij-diensten-web.jpg\"><img loading=\"lazy\" decoding=\"async\" width=\"1920\" height=\"1440\" data-id=\"20426\" src=\"https:\/\/swaving-techniek.nl\/wp-content\/uploads\/2025\/01\/swaving-constructie-bouw-beeld-bij-diensten-web.jpg\" alt=\"\" class=\"wp-image-20426\" srcset=\"https:\/\/swaving-techniek.nl\/wp-content\/uploads\/2025\/01\/swaving-constructie-bouw-beeld-bij-diensten-web.jpg 1920w, https:\/\/swaving-techniek.nl\/wp-content\/uploads\/2025\/01\/swaving-constructie-bouw-beeld-bij-diensten-web-300x225.jpg 300w, https:\/\/swaving-techniek.nl\/wp-content\/uploads\/2025\/01\/swaving-constructie-bouw-beeld-bij-diensten-web-1024x768.jpg 1024w, https:\/\/swaving-techniek.nl\/wp-content\/uploads\/2025\/01\/swaving-constructie-bouw-beeld-bij-diensten-web-768x576.jpg 768w, https:\/\/swaving-techniek.nl\/wp-content\/uploads\/2025\/01\/swaving-constructie-bouw-beeld-bij-diensten-web-1536x1152.jpg 1536w\" sizes=\"auto, (max-width: 1920px) 100vw, 1920px\" \/><\/a><\/figure>\n\n\n\n<figure class=\"wp-block-image size-full\"><a href=\"https:\/\/swaving-techniek.nl\/wp-content\/uploads\/2025\/04\/swaving-constructie-werken-07.jpg\"><img loading=\"lazy\" decoding=\"async\" width=\"1680\" height=\"1260\" data-id=\"20435\" src=\"https:\/\/swaving-techniek.nl\/wp-content\/uploads\/2025\/04\/swaving-constructie-werken-07.jpg\" alt=\"\" class=\"wp-image-20435\" srcset=\"https:\/\/swaving-techniek.nl\/wp-content\/uploads\/2025\/04\/swaving-constructie-werken-07.jpg 1680w, https:\/\/swaving-techniek.nl\/wp-content\/uploads\/2025\/04\/swaving-constructie-werken-07-300x225.jpg 300w, https:\/\/swaving-techniek.nl\/wp-content\/uploads\/2025\/04\/swaving-constructie-werken-07-1024x768.jpg 1024w, https:\/\/swaving-techniek.nl\/wp-content\/uploads\/2025\/04\/swaving-constructie-werken-07-768x576.jpg 768w, https:\/\/swaving-techniek.nl\/wp-content\/uploads\/2025\/04\/swaving-constructie-werken-07-1536x1152.jpg 1536w\" sizes=\"auto, (max-width: 1680px) 100vw, 1680px\" \/><\/a><\/figure>\n\n\n\n<figure class=\"wp-block-image size-full\"><a href=\"https:\/\/swaving-techniek.nl\/wp-content\/uploads\/2025\/04\/swaving-constructie-werken-06.jpg\"><img loading=\"lazy\" decoding=\"async\" width=\"1600\" height=\"1200\" data-id=\"20440\" src=\"https:\/\/swaving-techniek.nl\/wp-content\/uploads\/2025\/04\/swaving-constructie-werken-06.jpg\" alt=\"\" class=\"wp-image-20440\" srcset=\"https:\/\/swaving-techniek.nl\/wp-content\/uploads\/2025\/04\/swaving-constructie-werken-06.jpg 1600w, https:\/\/swaving-techniek.nl\/wp-content\/uploads\/2025\/04\/swaving-constructie-werken-06-300x225.jpg 300w, https:\/\/swaving-techniek.nl\/wp-content\/uploads\/2025\/04\/swaving-constructie-werken-06-1024x768.jpg 1024w, https:\/\/swaving-techniek.nl\/wp-content\/uploads\/2025\/04\/swaving-constructie-werken-06-768x576.jpg 768w, https:\/\/swaving-techniek.nl\/wp-content\/uploads\/2025\/04\/swaving-constructie-werken-06-1536x1152.jpg 1536w\" sizes=\"auto, (max-width: 1600px) 100vw, 1600px\" \/><\/a><\/figure>\n\n\n\n<figure class=\"wp-block-image size-full\"><a href=\"https:\/\/swaving-techniek.nl\/wp-content\/uploads\/2025\/04\/Swaving-constructie-stallen-loodsen-03.jpg\"><img loading=\"lazy\" decoding=\"async\" width=\"1920\" height=\"1440\" data-id=\"20423\" src=\"https:\/\/swaving-techniek.nl\/wp-content\/uploads\/2025\/04\/Swaving-constructie-stallen-loodsen-03.jpg\" alt=\"\" class=\"wp-image-20423\" srcset=\"https:\/\/swaving-techniek.nl\/wp-content\/uploads\/2025\/04\/Swaving-constructie-stallen-loodsen-03.jpg 1920w, https:\/\/swaving-techniek.nl\/wp-content\/uploads\/2025\/04\/Swaving-constructie-stallen-loodsen-03-300x225.jpg 300w, https:\/\/swaving-techniek.nl\/wp-content\/uploads\/2025\/04\/Swaving-constructie-stallen-loodsen-03-1024x768.jpg 1024w, https:\/\/swaving-techniek.nl\/wp-content\/uploads\/2025\/04\/Swaving-constructie-stallen-loodsen-03-768x576.jpg 768w, https:\/\/swaving-techniek.nl\/wp-content\/uploads\/2025\/04\/Swaving-constructie-stallen-loodsen-03-1536x1152.jpg 1536w\" sizes=\"auto, (max-width: 1920px) 100vw, 1920px\" \/><\/a><\/figure>\n<\/figure>\n","protected":false},"excerpt":{"rendered":"<p>Swaving construction &amp; building mit Sitz in Sappermeer bietet ma\u00dfgeschneiderte Baul\u00f6sungen f\u00fcr eine breite Palette von Projekten, von gro\u00dfen St\u00e4llen und Schuppen bis hin zu kleineren, spezifischen Konstruktionen. Wir entwerfen und realisieren L\u00f6sungen, die vollst\u00e4ndig auf Ihre individuellen Bed\u00fcrfnisse und Anforderungen zugeschnitten sind, unabh\u00e4ngig von der Gr\u00f6\u00dfe oder Komplexit\u00e4t des Projekts.<\/p>\n","protected":false},"author":1,"featured_media":0,"parent":0,"menu_order":0,"comment_status":"closed","ping_status":"closed","template":"","meta":{"_acf_changed":false,"footnotes":""},"class_list":["post-20980","page","type-page","status-publish","hentry"],"acf":[],"_links":{"self":[{"href":"https:\/\/swaving-techniek.nl\/de\/wp-json\/wp\/v2\/pages\/20980","targetHints":{"allow":["GET"]}}],"collection":[{"href":"https:\/\/swaving-techniek.nl\/de\/wp-json\/wp\/v2\/pages"}],"about":[{"href":"https:\/\/swaving-techniek.nl\/de\/wp-json\/wp\/v2\/types\/page"}],"author":[{"embeddable":true,"href":"https:\/\/swaving-techniek.nl\/de\/wp-json\/wp\/v2\/users\/1"}],"replies":[{"embeddable":true,"href":"https:\/\/swaving-techniek.nl\/de\/wp-json\/wp\/v2\/comments?post=20980"}],"version-history":[{"count":1,"href":"https:\/\/swaving-techniek.nl\/de\/wp-json\/wp\/v2\/pages\/20980\/revisions"}],"predecessor-version":[{"id":20981,"href":"https:\/\/swaving-techniek.nl\/de\/wp-json\/wp\/v2\/pages\/20980\/revisions\/20981"}],"wp:attachment":[{"href":"https:\/\/swaving-techniek.nl\/de\/wp-json\/wp\/v2\/media?parent=20980"}],"curies":[{"name":"wp","href":"https:\/\/api.w.org\/{rel}","templated":true}]}}